{"id":1590,"date":"2020-01-12T12:19:13","date_gmt":"2020-01-12T12:19:13","guid":{"rendered":"https:\/\/www.allplastix.com\/tr\/?post_type=product&#038;p=1590"},"modified":"2022-06-08T23:57:51","modified_gmt":"2022-06-08T20:57:51","slug":"istasyonlu-termoform-makinasi","status":"publish","type":"product","link":"https:\/\/www.allplastix.com\/tr\/urun\/istasyonlu-termoform-makinasi\/","title":{"rendered":"\u0130stasyonlu Termoform Makinas\u0131"},"content":{"rendered":"<p>\u0130stasyonlu termoform makinas\u0131 serisi, steel rule die kesme teknolojisi ile \u00e7ok istasyonlu operasyonda \u00fcretim taleplerini \u00f6zel olarak kar\u015f\u0131lamak i\u00e7in tasarlanm\u0131\u015f tam otomatik bir termoform makinesidir. Zincir indeks sistemi, \u0131s\u0131tma f\u0131r\u0131n\u0131, hem pozitif hem de negatif bas\u0131n\u00e7 olu\u015fturma, delik delme, bitmi\u015f \u00fcr\u00fcn kesme, otomatik \u00fcr\u00fcn sayma ve istifleme, \u00fcr\u00fcn y\u0131\u011f\u0131nlar\u0131 i\u00e7in \u00e7\u0131k\u0131\u015f konvey\u00f6r\u00fc ve \u00e7apak sarma i\u015flemlerini kompakt bir makinede birle\u015ftirir.<\/p>\n<p>\u0130stasyonlu termoform makinesi, enerji tasarrufu sa\u011flayan hassas s\u0131cakl\u0131k kontrol\u00fc, mutlak enkoder komple servo sistemi, g\u00fc\u00e7l\u00fc mafsal tahrik mekanizmas\u0131, y\u00fcksek hassasiyetli \u00fcr\u00fcn kesimi ve y\u00fcksek kaliteli \u00fcr\u00fcnler i\u00e7in istikrarl\u0131 ve g\u00fcvenilir bir performans elde etmek i\u00e7in \u00fcr\u00fcn ta\u015f\u0131ma esnekli\u011fi ile donat\u0131lm\u0131\u015f zarif bir tasar\u0131md\u0131r.<\/p>\n<p>Dakikada maximum 60 \u00e7evrime kadar PP, PS, OPS, PE, PVC, APET, CPET ve PLA \u00fcretimi i\u00e7in \u00e7ok uygundur. Basit ve uygun maliyetli kal\u0131plar, \u00f6zellikle k\u00fc\u00e7\u00fck ve orta \u00f6l\u00e7ekli \u00fcretim i\u00e7in kal\u0131p de\u011fi\u015fim s\u00fcresini azaltarak h\u0131zl\u0131 kal\u0131p de\u011fi\u015fimi sa\u011flar.<\/p>\n<p>Elde edilen \u00fcr\u00fcnler \u00e7ok y\u00f6nl\u00fc olarak g\u0131da, kozmetik, t\u0131bbi, oyuncak, elektrikli ve elektronik bile\u015fenler ve g\u00fcnl\u00fck kullan\u0131lan \u00fcr\u00fcnler de dahil olmak \u00fczere \u00e7e\u015fitli ince ambalajlar i\u00e7in kullan\u0131lmaktad\u0131r.<\/p>\n<p>&nbsp;<\/p>\n\n<table id=\"tablepress-5\" class=\"tablepress tablepress-id-5\">\n<thead>\n<tr class=\"row-1 odd\">\n\t<th class=\"column-1\">MODEL<\/th><th class=\"column-2\">\u0130stasyonlu Termoform Makinas\u0131<\/th>\n<\/tr>\n<\/thead>\n<tbody>\n<tr class=\"row-2 even\">\n\t<td class=\"column-1\">Konfig\u00fcrasyon<\/td><td class=\"column-2\">\u015eekillendirme - Delik delme - Kesme - Dizme, \u00e7ok istasyonlu, steel rule die teknolojisi<\/td>\n<\/tr>\n<tr class=\"row-3 odd\">\n\t<td class=\"column-1\">Uygulama Alan\u0131<\/td><td class=\"column-2\">\u0130nce duvarl\u0131 g\u0131da ve end\u00fcstriyel paketleme<\/td>\n<\/tr>\n<tr class=\"row-4 even\">\n\t<td class=\"column-1\">\u0130stasyon Say\u0131s\u0131<\/td><td class=\"column-2\">3 \u0130stasyon \/ 4 \u0130stasyon<\/td>\n<\/tr>\n<tr class=\"row-5 odd\">\n\t<td class=\"column-1\">Maksimum Devir H\u0131z\u0131<\/td><td class=\"column-2\">60 Devir \/ Dakika<\/td>\n<\/tr>\n<tr class=\"row-6 even\">\n\t<td class=\"column-1\">Folyo Dizini<\/td><td class=\"column-2\">AC (Alternatif Ak\u0131m) Servo tahrikli zincir endeks beslemesi<\/td>\n<\/tr>\n<tr class=\"row-7 odd\">\n\t<td class=\"column-1\">Is\u0131 T\u00fcneli Uzunlu\u011fu (mm)<\/td><td class=\"column-2\">1800 mm<\/td>\n<\/tr>\n<tr class=\"row-8 even\">\n\t<td class=\"column-1\">Is\u0131tma Elemanlar\u0131<\/td><td class=\"column-2\">Seramik<\/td>\n<\/tr>\n<tr class=\"row-9 odd\">\n\t<td class=\"column-1\">\u015eekillendirme Y\u00f6ntemi<\/td><td class=\"column-2\">Hem pozitif hem negatif bas\u0131n\u00e7l\u0131 \u015fekillendirme<\/td>\n<\/tr>\n<tr class=\"row-10 even\">\n\t<td class=\"column-1\">\u015eekillendirme Y\u00f6n\u00fc<\/td><td class=\"column-2\">\u00dcstten veya alttan folyo \u015fekillendirme<\/td>\n<\/tr>\n<tr class=\"row-11 odd\">\n\t<td class=\"column-1\">Maksimum Folyo Geni\u015fli\u011fi (mm)<\/td><td class=\"column-2\">860 mm<\/td>\n<\/tr>\n<tr class=\"row-12 even\">\n\t<td class=\"column-1\">\u015eekillendirme Kal\u0131p Alan\u0131 (mm)<\/td><td class=\"column-2\">Max. 570 (Uzunluk - Ak\u0131\u015f y\u00f6n\u00fcnde) x 820 (En) - Min. 250 (Uzunluk - Ak\u0131\u015f y\u00f6n\u00fcnde) x 290(En)<\/td>\n<\/tr>\n<tr class=\"row-13 odd\">\n\t<td class=\"column-1\">Max. \u00c7ekme Derinli\u011fi (mm)<\/td><td class=\"column-2\">130 mm<\/td>\n<\/tr>\n<tr class=\"row-14 even\">\n\t<td class=\"column-1\">Kapama Y\u00fcksekli\u011fi (mm)<\/td><td class=\"column-2\">\u00dcst: 70~370 - Alt: 70~250<\/td>\n<\/tr>\n<tr class=\"row-15 odd\">\n\t<td class=\"column-1\">Plaka Strok (mm)<\/td><td class=\"column-2\">\u00dcst: 150 - Alt: 150<\/td>\n<\/tr>\n<tr class=\"row-16 even\">\n\t<td class=\"column-1\">\u015eekillendirme Plaka Hareketi<\/td><td class=\"column-2\">AC (Alternatif Ak\u0131m) Servo mafsal mekanizmas\u0131 hareketi<\/td>\n<\/tr>\n<tr class=\"row-17 odd\">\n\t<td class=\"column-1\">\u015eekillendirme Kuvveti (ton)<\/td><td class=\"column-2\">30 ton<\/td>\n<\/tr>\n<tr class=\"row-18 even\">\n\t<td class=\"column-1\">Delme Kal\u0131p Alan\u0131 (mm)<\/td><td class=\"column-2\">Max. 570(Uzunluk - Ak\u0131\u015f y\u00f6n\u00fcnde) x 820 (En) - Min. 400 (Uzunluk - Ak\u0131\u015f y\u00f6n\u00fcnde) x 290 (En)<\/td>\n<\/tr>\n<tr class=\"row-19 odd\">\n\t<td class=\"column-1\">Kapama Y\u00fcksekli\u011fi (mm)<\/td><td class=\"column-2\">\u00dcst: 70~370 - Alt: 250<\/td>\n<\/tr>\n<tr class=\"row-20 even\">\n\t<td class=\"column-1\">Plaka Strok (mm)<\/td><td class=\"column-2\">\u00dcst: 150 - Alt: 150<\/td>\n<\/tr>\n<tr class=\"row-21 odd\">\n\t<td class=\"column-1\">Delme Hareketi<\/td><td class=\"column-2\">AC (Alternatif Ak\u0131m) Servo mafsal mekanizmas\u0131 hareketi<\/td>\n<\/tr>\n<tr class=\"row-22 even\">\n\t<td class=\"column-1\">Delme Kuvveti (ton)<\/td><td class=\"column-2\">30 ton<\/td>\n<\/tr>\n<tr class=\"row-23 odd\">\n\t<td class=\"column-1\">Kesim Alan\u0131 (mm)<\/td><td class=\"column-2\">550 (Uzunluk - Ak\u0131\u015f y\u00f6n\u00fcnde) x 800 (En) <\/td>\n<\/tr>\n<tr class=\"row-24 even\">\n\t<td class=\"column-1\">Kapama Y\u00fcksekli\u011fi (mm)<\/td><td class=\"column-2\">\u00dcst: 70~370 - Alt: 250<\/td>\n<\/tr>\n<tr class=\"row-25 odd\">\n\t<td class=\"column-1\">Plaka Strok (mm)<\/td><td class=\"column-2\">\u00dcst: 150 - Alt: 150<\/td>\n<\/tr>\n<tr class=\"row-26 even\">\n\t<td class=\"column-1\">Kesim Hareketi<\/td><td class=\"column-2\">AC (Alternatif Ak\u0131m) Servo mafsal mekanizmas\u0131 hareketi<\/td>\n<\/tr>\n<tr class=\"row-27 odd\">\n\t<td class=\"column-1\">Kesim Kuvveti (ton)<\/td><td class=\"column-2\">60 ton<\/td>\n<\/tr>\n<tr class=\"row-28 even\">\n\t<td class=\"column-1\">Dizme Alan\u0131 (mm)<\/td><td class=\"column-2\">550 (Uzunluk - Ak\u0131\u015f y\u00f6n\u00fcnde) x 800 (En)<\/td>\n<\/tr>\n<tr class=\"row-29 odd\">\n\t<td class=\"column-1\">Dizme Y\u00f6ntemi<\/td><td class=\"column-2\">Servo ile a\u015fa\u011f\u0131 veya yukar\u0131 dizme, robot opsiyondur.<\/td>\n<\/tr>\n<tr class=\"row-30 even\">\n\t<td class=\"column-1\">Kontrol Sistemi<\/td><td class=\"column-2\">B&amp;R<\/td>\n<\/tr>\n<tr class=\"row-31 odd\">\n\t<td class=\"column-1\">Taban Alan\u0131 (M)<\/td><td class=\"column-2\">12.5 m (Uzunluk - Ak\u0131\u015f y\u00f6n\u00fcnde) x 3.3 m (En) x 3.3 m (Y\u00fckseklik)<\/td>\n<\/tr>\n<tr class=\"row-32 even\">\n\t<td class=\"column-1\">Makine A\u011f\u0131rl\u0131\u011f\u0131 (kg)<\/td><td class=\"column-2\">12000 kg<\/td>\n<\/tr>\n<\/tbody>\n<\/table>\n<!-- #tablepress-5 from cache -->\n","protected":false},"excerpt":{"rendered":"<div style=\"display:none\" class=\"fm-form-container fm-theme3\"><div id=\"fm-pages8\" class=\"fm-pages wdform_page_navigation \" show_title=\"\" show_numbers=\"1\" type=\"none\"><\/div><form name=\"form8\" action=\"\/tr\/wp-json\/wp\/v2\/product\/1590\" method=\"post\" id=\"form8\" class=\"fm-form form8  \" enctype=\"multipart\/form-data\"><input type=\"hidden\" id=\"fm_page_id8\" value=\"1590\" name=\"fm_page_id8\" \/><input type=\"hidden\" id=\"fm_current_post_type8\" value=\"product\" name=\"fm_current_post_type8\" \/><input type=\"hidden\" id=\"counter8\" value=\"5\" name=\"counter8\" \/><input type=\"hidden\" id=\"Itemid8\" value=\"\" name=\"Itemid8\" \/><input type=\"hidden\" id=\"fm_shake8\" value=\"1\" name=\"fm_shake8\" \/><input type=\"text\" class=\"fm-hide\" id=\"fm_empty_field_validation8\" value=\"\" name=\"fm_empty_field_validation8\" data-value=\"bd736efb144d599cf463541431fbf5c4\" \/><div class=\"wdform-page-and-images fm-form-builder\"><div id=\"8form_view1\" class=\"wdform_page\" page_title=\"Untitled page\" next_title=\"Next\" next_type=\"text\" next_class=\"wdform-page-button\" next_checkable=\"true\" previous_title=\"Previous\" previous_type=\"text\" previous_class=\"wdform-page-button\" previous_checkable=\"false\"><div class=\"wdform_section\"><div class=\"wdform_column\"><div wdid=\"3\" class=\"wdform_row\" style=\"position: relative; left: 0px; top: 0px;\"><div type=\"type_text\" class=\"wdform-field wd-width-100 wd-flex wd-flex-column fm-type_text\" ><div class=\"wdform-label-section wd-width-100  wd-flex-row wd-align-items-center\">    <label  for=\"wdform_3_element8\" class=\"wdform-label\">Ad\u0131n\u0131z Soyad\u0131n\u0131z<\/label><span class=\"wdform-required\">*<\/span><\/div><div class=\"wdform-element-section wd-flex  wd-flex-row wd-align-items-center wd-width-100\" ><input type=\"text\"                           class=\"wd-width-100\"                           id=\"wdform_3_element8\"                           name=\"wdform_3_element8\"                           value=\"\"                           data-value=\"\"                           title=\"\"                           placeholder=\"\"                                                       \/><\/div><\/div><\/div><\/div><div class=\"wdform_column\"><div wdid=\"2\" class=\"wdform_row\" style=\"position: relative; left: 0px; top: 0px;\"><div type=\"type_phone_new\" class=\"wdform-field wd-width-100 wd-flex wd-flex-column fm-type_phone_new\" ><div class=\"wdform-label-section wd-width-100 \">    <label  for=\"wdform_2_element8\" class=\"wdform-label\">Telefon Numaran\u0131z<\/label><span class=\"wdform-required\">*<\/span><\/div><div class=\"wdform-element-section wd-flex  wd-width-100\" ><input type=\"text\"                       class=\"wd-width-100\"                       id=\"wdform_2_element8\"                       name=\"wdform_2_element8\"                       value=\"\"                       data-value=\"\"                       placeholder=\"\"  \/><\/div><\/div><\/div><\/div><div class=\"wdform_column\"><div wdid=\"4\" class=\"wdform_row\" style=\"position: relative; left: 0px; top: 0px;\"><div type=\"type_submitter_mail\" class=\"wdform-field wd-width-100 wd-flex wd-flex-column fm-type_submitter_mail\" ><div class=\"wdform-label-section wd-width-100  wd-flex-row\">    <label  for=\"wdform_4_element8\" class=\"wdform-label\">E-mail<\/label><span class=\"wdform-required\">*<\/span><\/div><div class=\"wdform-element-section wd-flex  wd-flex-row wd-width-100\" ><input type=\"text\" class=\"wd-width-100\" id=\"wdform_4_element8\" name=\"wdform_4_element8\" data-value=\"\" value=\"\" title=\"\" placeholder=\"\"   onchange=\"wd_check_email('4', '8', 'Bu ge\u00e7erli bir e-posta adresi de\u011fil.')\" \/><\/div><\/div><\/div><\/div><div class=\"wdform_column\"><div wdid=\"1\" class=\"wdform_row\" style=\"position: relative; left: 0px; top: 0px;\"><div type=\"type_submit_reset\" class=\"wdform-field wd-width-100 wd-flex wd-flex-column fm-type_submit_reset\" ><div class=\"wdform-element-section wd-flex  wd-flex-row wd-justify-content-left wd-width-100\" ><button  type=\"button\" class=\"button-submit\" onclick=\"fm_submit_form('8');\"  data-ajax=\"0\"><span class=\"fm-submit-loading spinner fm-ico-spinner\"><\/span>F\u0130YAT AL<\/button><button  type=\"button\" class=\"button-reset wd-hidden\" onclick=\"fm_reset_form(8);\" >Reset<\/button><\/div><\/div><\/div><\/div><\/div><div valign=\"top\" class=\"wdform_footer wd-width-100\"><div class=\"wd-width-100\"><div class=\"wd-width-100 wd-table\" style=\"padding-top:10px;\"><div class=\"wd-table-group\"><div id=\"8page_nav1\" class=\"wd-table-row\"><\/div><\/div><\/div><\/div><\/div><\/div><\/div><div class=\"wdform_preload\"><\/div><input type=\"hidden\" name=\"fm-current-page\" value=\"https:\/\/www.allplastix.com\/tr\/wp-json\/wp\/v2\/product\/1590\" \/><\/form><\/div>\n","protected":false},"featured_media":1583,"template":"","meta":{"_joinchat":[]},"product_cat":[116],"product_tag":[135,136,134,138],"class_list":["post-1590","product","type-product","status-publish","has-post-thumbnail","hentry","product_cat-istasyonlu-termoform-makinasi","product_tag-istasyonlu-termoform-makinasi","product_tag-istasyonlu-termoform-makinesi","product_tag-termoform-makinasi","product_tag-termoform-makinesi"],"aioseo_notices":[],"_links":{"self":[{"href":"https:\/\/www.allplastix.com\/tr\/wp-json\/wp\/v2\/product\/1590","targetHints":{"allow":["GET"]}}],"collection":[{"href":"https:\/\/www.allplastix.com\/tr\/wp-json\/wp\/v2\/product"}],"about":[{"href":"https:\/\/www.allplastix.com\/tr\/wp-json\/wp\/v2\/types\/product"}],"wp:featuredmedia":[{"embeddable":true,"href":"https:\/\/www.allplastix.com\/tr\/wp-json\/wp\/v2\/media\/1583"}],"wp:attachment":[{"href":"https:\/\/www.allplastix.com\/tr\/wp-json\/wp\/v2\/media?parent=1590"}],"wp:term":[{"taxonomy":"product_cat","embeddable":true,"href":"https:\/\/www.allplastix.com\/tr\/wp-json\/wp\/v2\/product_cat?post=1590"},{"taxonomy":"product_tag","embeddable":true,"href":"https:\/\/www.allplastix.com\/tr\/wp-json\/wp\/v2\/product_tag?post=1590"}],"curies":[{"name":"wp","href":"https:\/\/api.w.org\/{rel}","templated":true}]}}