{"id":1596,"date":"2020-01-12T12:39:31","date_gmt":"2020-01-12T12:39:31","guid":{"rendered":"https:\/\/www.allplastix.com\/tr\/?post_type=product&#038;p=1596"},"modified":"2022-06-10T16:17:57","modified_gmt":"2022-06-10T13:17:57","slug":"devirmeli-termoform-makinasi","status":"publish","type":"product","link":"https:\/\/www.allplastix.com\/tr\/urun\/devirmeli-termoform-makinasi\/","title":{"rendered":"Devirmeli Termoform Makinas\u0131"},"content":{"rendered":"<p>Devirmeli termoform makinas\u0131 ek bir devirme hareketi ve otomatik istifleme sistemi i\u00e7eren otomatik, servo elektrikli mekanik tahrik sistemine sahip bir Form &amp; Trim Kal\u0131p i\u00e7i kesim yapan termoform makinesidir.<\/p>\n<p>T\u00fcm tipik termo plastik malzemeler i\u00e7in, \u00f6zellikle derin PP bardaklar\u0131 gibi hassas kesim toleranslar\u0131 gerektiren \u00fcr\u00fcnler i\u00e7in ge\u00e7erlidir. Devirmeli termoform makinas\u0131 rulo beslemeli veya online olarak ekstr\u00fczyon hatt\u0131 ile \u00e7al\u0131\u015facak \u015fekilde yap\u0131land\u0131r\u0131labilir. En son teknoloji olarak enerji tasarrufludur ve minimum bak\u0131m gereksinimi ile kullan\u0131m\u0131 kolayd\u0131r. Ayarlanabilir \u00fcst plaka, farkl\u0131 kal\u0131p kapatma y\u00fckseklikleri ve kesme derinli\u011fi d\u00fczenlemesi i\u00e7in kullan\u0131l\u0131r. E\u015fit duvar da\u011f\u0131l\u0131m\u0131 i\u00e7in erkek iticiler servo sistem taraf\u0131ndan kontrol edilir. Alt plaka; \u015fekillendirme i\u015flemi ve istifleme yaparken otomasyon sistemine yakla\u015f\u0131p 75 derece e\u011filmesini sa\u011flayan son kesme hareketi i\u00e7in birle\u015fik olarak bir kam sistemi ile hareket ettirilebilir. Uygulama optimizasyonu i\u00e7in de\u011fi\u015fken h\u0131zl\u0131 kam kullan\u0131l\u0131r.<\/p>\n<p>Yal\u0131t\u0131lm\u0131\u015f \u0131s\u0131 t\u00fcneli, y\u00fcksek kaliteli seramik \u0131s\u0131t\u0131c\u0131lar ile monte edilir ve tabakan\u0131n s\u0131cakl\u0131\u011f\u0131n\u0131n hassas bir \u015fekilde y\u00f6netilmesini sa\u011flamak i\u00e7in \u00e7ok kontroll\u00fc b\u00f6lgelerle donat\u0131lm\u0131\u015ft\u0131r. Zincir besleme indeksi de, program aray\u00fcz\u00fcne do\u011fru indeks ve senkron sinyaller i\u00e7in bir servo motor taraf\u0131ndan kontrol edilir. Zincir ray geni\u015fli\u011fi bir dizi motorla ayarlanabilir.<\/p>\n<p>Bitmi\u015f \u00fcr\u00fcn toplamas\u0131 i\u00e7in a\u015fa\u011f\u0131dakileri i\u00e7eren iki farkl\u0131 otomasyon \u00e7\u00f6z\u00fcm\u00fc sunuyoruz:<br \/>\ni- \u015eelale Tipi Otomatik \u0130stifleme Sistemi,<br \/>\nii- Mandrel Mafsall\u0131 Otomatik \u0130stifleme Sistemi.<\/p>\n<p>Her iki sistemde h\u0131zl\u0131 \u00fcretimde hafif termoform \u00fcr\u00fcnler i\u00e7in otomatik paketlemeye adapte edilebilir. Hurda konvey\u00f6r\u00fc, hurda rulosunu yer gereksinimini ve insan g\u00fcc\u00fcn\u00fc en aza indirmek i\u00e7in ak\u0131\u015f y\u00f6n\u00fcnde veya makinenin sa\u011f \/ sol taraf\u0131na 90 derece d\u00f6nd\u00fcr\u00fclm\u00fc\u015f \u015fekilde in-line k\u0131r\u0131c\u0131ya veya \u00e7apak sarmaya y\u00f6nlendirir.<\/p>\n<p>Makinede kullan\u0131lan teknoloji globaldir ve m\u00fc\u015fterilerin maksimum karl\u0131l\u0131k elde etmesini sa\u011flayan enerji tasarrufu, kullan\u0131m dostu, \u00fcst\u00fcn kalite, verimli \u00fcretim ve minimum bak\u0131m hedefler.<\/p>\n\n<table id=\"tablepress-6\" class=\"tablepress tablepress-id-6\">\n<thead>\n<tr class=\"row-1 odd\">\n\t<th class=\"column-1\">MODEL<\/th><th class=\"column-2\">Devirmeli Termoform Makinas\u0131 700<\/th><th class=\"column-3\">Devirmeli Termoform Makinas\u0131 900<\/th>\n<\/tr>\n<\/thead>\n<tbody>\n<tr class=\"row-2 even\">\n\t<td class=\"column-1\">Uygulama Alan\u0131<\/td><td class=\"column-2\">Derin \u00e7ekme \u00fcr\u00fcnler i\u00e7in kal\u0131p i\u00e7i kesim, hassas kesim toleransl\u0131 \u00fcr\u00fcnler<\/td><td class=\"column-3\">Derin \u00e7ekme \u00fcr\u00fcnler i\u00e7in kal\u0131p i\u00e7i kesim, hassas kesim toleransl\u0131 \u00fcr\u00fcnler<\/td>\n<\/tr>\n<tr class=\"row-3 odd\">\n\t<td class=\"column-1\">\u015eekillendirme Y\u00f6ntemi<\/td><td class=\"column-2\">Vakum \/ Bas\u0131n\u00e7l\u0131 \u015fekillendirme<\/td><td class=\"column-3\">Vakum \/ Bas\u0131n\u00e7l\u0131 \u015fekillendirme<\/td>\n<\/tr>\n<tr class=\"row-4 even\">\n\t<td class=\"column-1\">\u015eekillendirme Y\u00f6n\u00fc<\/td><td class=\"column-2\">Folyo alt\u0131 \u015fekillendirme<\/td><td class=\"column-3\">Folyo alt\u0131 \u015fekillendirme<\/td>\n<\/tr>\n<tr class=\"row-5 odd\">\n\t<td class=\"column-1\">Folyo Geni\u015fli\u011fi (mm)<\/td><td class=\"column-2\">400 ~ 750 mm<\/td><td class=\"column-3\">550 ~ 900 mm<\/td>\n<\/tr>\n<tr class=\"row-6 even\">\n\t<td class=\"column-1\">Max. \u015eekillendirme Kal\u0131p Alan\u0131 (mm)<\/td><td class=\"column-2\">Max. 700 x 400<\/td><td class=\"column-3\">Max. 900 x 500<\/td>\n<\/tr>\n<tr class=\"row-7 odd\">\n\t<td class=\"column-1\">Max. Kal\u0131p Kesim Alan\u0131 (mm)<\/td><td class=\"column-2\">Max. 675 x 340<\/td><td class=\"column-3\">Max. 860 x 440<\/td>\n<\/tr>\n<tr class=\"row-8 even\">\n\t<td class=\"column-1\">Max. \u00c7ekme Derinli\u011fi (mm)<\/td><td class=\"column-2\">150 mm; 180 mm (Opsiyon)<\/td><td class=\"column-3\">180 mm<\/td>\n<\/tr>\n<tr class=\"row-9 odd\">\n\t<td class=\"column-1\">Max. S\u0131k\u0131\u015ft\u0131rma Kuvveti (ton)<\/td><td class=\"column-2\">60 Ton<\/td><td class=\"column-3\">75 Ton<\/td>\n<\/tr>\n<tr class=\"row-10 even\">\n\t<td class=\"column-1\">Kapama Y\u00fcksekli\u011fi (mm)<\/td><td class=\"column-2\">449 mm<\/td><td class=\"column-3\">479 mm<\/td>\n<\/tr>\n<tr class=\"row-11 odd\">\n\t<td class=\"column-1\">Plaka Strok (mm)<\/td><td class=\"column-2\">100 mm<\/td><td class=\"column-3\">140 mm<\/td>\n<\/tr>\n<tr class=\"row-12 even\">\n\t<td class=\"column-1\">Max. Devir H\u0131z\u0131<\/td><td class=\"column-2\">45 Devir \/ Dakika<\/td><td class=\"column-3\">40 Devir \/ Dakika<\/td>\n<\/tr>\n<tr class=\"row-13 odd\">\n\t<td class=\"column-1\">Plaka Hareketi<\/td><td class=\"column-2\">AC (Alternatif Ak\u0131m) Servo tahrikli kam ba\u011flant\u0131s\u0131<\/td><td class=\"column-3\">AC (Alternatif Ak\u0131m) Servo tahrikli kam ba\u011flant\u0131s\u0131<\/td>\n<\/tr>\n<tr class=\"row-14 even\">\n\t<td class=\"column-1\">Plug Hareketi<\/td><td class=\"column-2\">AC (Alternatif Ak\u0131m) Servo tahrikli<\/td><td class=\"column-3\">AC (Alternatif Ak\u0131m) Servo tahrikli<\/td>\n<\/tr>\n<tr class=\"row-15 odd\">\n\t<td class=\"column-1\">Folyo Dizini<\/td><td class=\"column-2\">AC (Alternatif Ak\u0131m) Servo tahrikli zincir besleme<\/td><td class=\"column-3\">AC (Alternatif Ak\u0131m) Servo tahrikli zincir besleme<\/td>\n<\/tr>\n<tr class=\"row-16 even\">\n\t<td class=\"column-1\">Zincir Ray Ayar\u0131<\/td><td class=\"column-2\">Motor tahrikli<\/td><td class=\"column-3\">Motor tahrikli<\/td>\n<\/tr>\n<tr class=\"row-17 odd\">\n\t<td class=\"column-1\">Is\u0131 T\u00fcneli Uzunlu\u011fu (mm)<\/td><td class=\"column-2\">2,900 mm<\/td><td class=\"column-3\">3,200 mm<\/td>\n<\/tr>\n<tr class=\"row-18 even\">\n\t<td class=\"column-1\">Is\u0131tma Elemanlar\u0131<\/td><td class=\"column-2\">Seramik \u0131s\u0131t\u0131c\u0131<\/td><td class=\"column-3\">Seramik \u0131s\u0131t\u0131c\u0131<\/td>\n<\/tr>\n<tr class=\"row-19 odd\">\n\t<td class=\"column-1\">Kontrol Sistemi<\/td><td class=\"column-2\">Dokunmatik ekranl\u0131 YASKAWA 3000 PLC<\/td><td class=\"column-3\">Dokunmatik ekranl\u0131 YASKAWA 3000 PLC<\/td>\n<\/tr>\n<tr class=\"row-20 even\">\n\t<td class=\"column-1\">Dizme Sistemi<\/td><td class=\"column-2\">1. \u015eelale kayd\u0131ra\u011f\u0131<\/td><td class=\"column-3\">1. \u015eelale kayd\u0131ra\u011f\u0131<\/td>\n<\/tr>\n<tr class=\"row-21 odd\">\n\t<td class=\"column-1\">Dizme Sistemi<\/td><td class=\"column-2\">2. D\u00f6nerli al ve b\u0131rak<\/td><td class=\"column-3\">2. D\u00f6nerli al ve b\u0131rak<\/td>\n<\/tr>\n<\/tbody>\n<\/table>\n<!-- #tablepress-6 from cache -->\n","protected":false},"excerpt":{"rendered":"<div style=\"display:none\" class=\"fm-form-container fm-theme3\"><div id=\"fm-pages8\" class=\"fm-pages wdform_page_navigation \" show_title=\"\" show_numbers=\"1\" type=\"none\"><\/div><form name=\"form8\" action=\"\/tr\/wp-json\/wp\/v2\/product\/1596\" method=\"post\" id=\"form8\" class=\"fm-form form8  \" enctype=\"multipart\/form-data\"><input type=\"hidden\" id=\"fm_page_id8\" value=\"1596\" name=\"fm_page_id8\" \/><input type=\"hidden\" id=\"fm_current_post_type8\" value=\"product\" name=\"fm_current_post_type8\" \/><input type=\"hidden\" id=\"counter8\" value=\"5\" name=\"counter8\" \/><input type=\"hidden\" id=\"Itemid8\" value=\"\" name=\"Itemid8\" \/><input type=\"hidden\" id=\"fm_shake8\" value=\"1\" name=\"fm_shake8\" \/><input type=\"text\" class=\"fm-hide\" id=\"fm_empty_field_validation8\" value=\"\" name=\"fm_empty_field_validation8\" data-value=\"bd736efb144d599cf463541431fbf5c4\" \/><div class=\"wdform-page-and-images fm-form-builder\"><div id=\"8form_view1\" class=\"wdform_page\" page_title=\"Untitled page\" next_title=\"Next\" next_type=\"text\" next_class=\"wdform-page-button\" next_checkable=\"true\" previous_title=\"Previous\" previous_type=\"text\" previous_class=\"wdform-page-button\" previous_checkable=\"false\"><div class=\"wdform_section\"><div class=\"wdform_column\"><div wdid=\"3\" class=\"wdform_row\" style=\"position: relative; left: 0px; top: 0px;\"><div type=\"type_text\" class=\"wdform-field wd-width-100 wd-flex wd-flex-column fm-type_text\" ><div class=\"wdform-label-section wd-width-100  wd-flex-row wd-align-items-center\">    <label  for=\"wdform_3_element8\" class=\"wdform-label\">Ad\u0131n\u0131z Soyad\u0131n\u0131z<\/label><span class=\"wdform-required\">*<\/span><\/div><div class=\"wdform-element-section wd-flex  wd-flex-row wd-align-items-center wd-width-100\" ><input type=\"text\"                           class=\"wd-width-100\"                           id=\"wdform_3_element8\"                           name=\"wdform_3_element8\"                           value=\"\"                           data-value=\"\"                           title=\"\"                           placeholder=\"\"                                                       \/><\/div><\/div><\/div><\/div><div class=\"wdform_column\"><div wdid=\"2\" class=\"wdform_row\" style=\"position: relative; left: 0px; top: 0px;\"><div type=\"type_phone_new\" class=\"wdform-field wd-width-100 wd-flex wd-flex-column fm-type_phone_new\" ><div class=\"wdform-label-section wd-width-100 \">    <label  for=\"wdform_2_element8\" class=\"wdform-label\">Telefon Numaran\u0131z<\/label><span class=\"wdform-required\">*<\/span><\/div><div class=\"wdform-element-section wd-flex  wd-width-100\" ><input type=\"text\"                       class=\"wd-width-100\"                       id=\"wdform_2_element8\"                       name=\"wdform_2_element8\"                       value=\"\"                       data-value=\"\"                       placeholder=\"\"  \/><\/div><\/div><\/div><\/div><div class=\"wdform_column\"><div wdid=\"4\" class=\"wdform_row\" style=\"position: relative; left: 0px; top: 0px;\"><div type=\"type_submitter_mail\" class=\"wdform-field wd-width-100 wd-flex wd-flex-column fm-type_submitter_mail\" ><div class=\"wdform-label-section wd-width-100  wd-flex-row\">    <label  for=\"wdform_4_element8\" class=\"wdform-label\">E-mail<\/label><span class=\"wdform-required\">*<\/span><\/div><div class=\"wdform-element-section wd-flex  wd-flex-row wd-width-100\" ><input type=\"text\" class=\"wd-width-100\" id=\"wdform_4_element8\" name=\"wdform_4_element8\" data-value=\"\" value=\"\" title=\"\" placeholder=\"\"   onchange=\"wd_check_email('4', '8', 'Bu ge\u00e7erli bir e-posta adresi de\u011fil.')\" \/><\/div><\/div><\/div><\/div><div class=\"wdform_column\"><div wdid=\"1\" class=\"wdform_row\" style=\"position: relative; left: 0px; top: 0px;\"><div type=\"type_submit_reset\" class=\"wdform-field wd-width-100 wd-flex wd-flex-column fm-type_submit_reset\" ><div class=\"wdform-element-section wd-flex  wd-flex-row wd-justify-content-left wd-width-100\" ><button  type=\"button\" class=\"button-submit\" onclick=\"fm_submit_form('8');\"  data-ajax=\"0\"><span class=\"fm-submit-loading spinner fm-ico-spinner\"><\/span>F\u0130YAT AL<\/button><button  type=\"button\" class=\"button-reset wd-hidden\" onclick=\"fm_reset_form(8);\" >Reset<\/button><\/div><\/div><\/div><\/div><\/div><div valign=\"top\" class=\"wdform_footer wd-width-100\"><div class=\"wd-width-100\"><div class=\"wd-width-100 wd-table\" style=\"padding-top:10px;\"><div class=\"wd-table-group\"><div id=\"8page_nav1\" class=\"wd-table-row\"><\/div><\/div><\/div><\/div><\/div><\/div><\/div><div class=\"wdform_preload\"><\/div><input type=\"hidden\" name=\"fm-current-page\" value=\"https:\/\/www.allplastix.com\/tr\/wp-json\/wp\/v2\/product\/1596\" \/><\/form><\/div>\n","protected":false},"featured_media":1581,"template":"","meta":{"_joinchat":[]},"product_cat":[117],"product_tag":[137,139,134,138],"class_list":["post-1596","product","type-product","status-publish","has-post-thumbnail","hentry","product_cat-devirmeli-termoform-makinasi","product_tag-devirmeli-termoform-makinasi","product_tag-devirmeli-termoform-makinesi","product_tag-termoform-makinasi","product_tag-termoform-makinesi"],"aioseo_notices":[],"_links":{"self":[{"href":"https:\/\/www.allplastix.com\/tr\/wp-json\/wp\/v2\/product\/1596","targetHints":{"allow":["GET"]}}],"collection":[{"href":"https:\/\/www.allplastix.com\/tr\/wp-json\/wp\/v2\/product"}],"about":[{"href":"https:\/\/www.allplastix.com\/tr\/wp-json\/wp\/v2\/types\/product"}],"wp:featuredmedia":[{"embeddable":true,"href":"https:\/\/www.allplastix.com\/tr\/wp-json\/wp\/v2\/media\/1581"}],"wp:attachment":[{"href":"https:\/\/www.allplastix.com\/tr\/wp-json\/wp\/v2\/media?parent=1596"}],"wp:term":[{"taxonomy":"product_cat","embeddable":true,"href":"https:\/\/www.allplastix.com\/tr\/wp-json\/wp\/v2\/product_cat?post=1596"},{"taxonomy":"product_tag","embeddable":true,"href":"https:\/\/www.allplastix.com\/tr\/wp-json\/wp\/v2\/product_tag?post=1596"}],"curies":[{"name":"wp","href":"https:\/\/api.w.org\/{rel}","templated":true}]}}