{"id":1597,"date":"2020-01-12T12:48:03","date_gmt":"2020-01-12T12:48:03","guid":{"rendered":"https:\/\/www.allplastix.com\/tr\/?post_type=product&#038;p=1597"},"modified":"2022-05-10T12:09:14","modified_gmt":"2022-05-10T09:09:14","slug":"polistiren-polipropilen-apet-ve-pla","status":"publish","type":"product","link":"https:\/\/www.allplastix.com\/tr\/urun\/polistiren-polipropilen-apet-ve-pla\/","title":{"rendered":"Polistiren, Polipropilen, APET ve PLA"},"content":{"rendered":"<p>Ayr\u0131 \u0130stasyonlu Termoform Makinas\u0131, y\u00fcksek teknoloji ve verimlilikte plastik \u00fcr\u00fcnler \u00fcretmektedir. Hassas kontroller ve i\u015flem kabiliyeti, kullan\u0131c\u0131lar\u0131n Polistiren, Polipropilen, APET ve PLA gibi \u00e7e\u015fitli malzemeleri \u00e7al\u0131\u015ft\u0131rmas\u0131na olanak tan\u0131r. Makine iki ayr\u0131 istasyondan olu\u015fur. Formlama istasyonu ve ayr\u0131 olarak \u00e7apak k\u0131r\u0131c\u0131 ile in-line olarak \u00e7al\u0131\u015fabilen kesim istasyonu vard\u0131r.<\/p>\n<p>Ayr\u0131 \u0130stasyonlu Termoform Makinas\u0131 iki (2) eksenli servo hareketiyle \u00fcst ve alt plakalar\u0131 ba\u011f\u0131ms\u0131z olarak a\u00e7ma ve kapama yapan mekanik mafsallar\u0131 hareket ettirir.<\/p>\n<p>Is\u0131t\u0131c\u0131 tablas\u0131 y\u00fcksek kaliteli seramik \u0131s\u0131t\u0131c\u0131lar ile monte edilir ve folyonun s\u0131cakl\u0131\u011f\u0131n\u0131n hassas bir \u015fekilde y\u00f6netilmesini sa\u011flamak i\u00e7in \u00e7ok kontroll\u00fc b\u00f6lgelerle donat\u0131lm\u0131\u015ft\u0131r. Zincir besleme indeksi de, program aray\u00fcz\u00fcne do\u011fru indeks ve senkron sinyaller i\u00e7in bir servo motor taraf\u0131ndan kontrol edilir.<\/p>\n<p>Yatay (veya iste\u011fe ba\u011fl\u0131 dikey) trim pres, bir servo motordan kontrol edilen hareketli plaka hareketine sahiptir ve a\u015famal\u0131 bir trim uygulamas\u0131nda derin \u00e7ekme kaplar\u0131 delmek ve kesmek i\u00e7in ek strok uzunlu\u011funda tahrik sa\u011flar.<\/p>\n<p>\u0130ki ek servo hareketi, bitmi\u015f \u00fcr\u00fcn\u00fc hasssas bir \u015fekilde kesip paketleme i\u00e7in ambalaj masas\u0131na koyulabilmesi i\u00e7in \u00fcr\u00fcn indeksini ve \u00e7\u0131karma i\u015flevlerini kontrol eder.<\/p>\n<p>Kesmeden sonraki hurda, yer gereksinimini ve insan g\u00fcc\u00fcn\u00fc en aza indirmek i\u00e7in, trim pres alt\u0131ndan in-line bir gran\u00fclat\u00f6re beslenir.<\/p>\n\n<table id=\"tablepress-10\" class=\"tablepress tablepress-id-10\">\n<thead>\n<tr class=\"row-1 odd\">\n\t<th class=\"column-1\">MODEL<\/th><th class=\"column-2\">Ayr\u0131 \u0130stasyonlu Termoform Makinas\u0131 (plastik \u00fcr\u00fcnler) - 850<\/th><th class=\"column-3\">Ayr\u0131 \u0130stasyonlu Termoform Makinas\u0131 (plastik \u00fcr\u00fcnler) - 1000<\/th><th class=\"column-4\">Ayr\u0131 \u0130stasyonlu Termoform Makinas\u0131 (plastik \u00fcr\u00fcnler) - 1200<\/th>\n<\/tr>\n<\/thead>\n<tbody>\n<tr class=\"row-2 even\">\n\t<td class=\"column-1\">Konfig\u00fcrasyon<\/td><td class=\"column-2\">\u00d6nde \u015fekillendirme, Trim sonras\u0131nda s\u0131ral\u0131 (inline) gran\u00fclasyon<\/td><td class=\"column-3\">\u00d6nde \u015fekillendirme, Trim sonras\u0131nda s\u0131ral\u0131 (inline) gran\u00fclasyon<\/td><td class=\"column-4\">\u00d6nde \u015fekillendirme, Trim sonras\u0131nda s\u0131ral\u0131 (inline) gran\u00fclasyon<\/td>\n<\/tr>\n<tr class=\"row-3 odd\">\n\t<td class=\"column-1\">Uygulama Alan\u0131<\/td><td class=\"column-2\">Seri \u00fcretim<\/td><td class=\"column-3\">Seri \u00fcretim<\/td><td class=\"column-4\">Seri \u00fcretim<\/td>\n<\/tr>\n<tr class=\"row-4 even\">\n\t<td class=\"column-1\">\u015eekillendirme Y\u00f6ntemi<\/td><td class=\"column-2\">Bas\u0131n\u00e7 ve vakum<\/td><td class=\"column-3\">Bas\u0131n\u00e7 ve vakum<\/td><td class=\"column-4\">Bas\u0131n\u00e7 ve vakum<\/td>\n<\/tr>\n<tr class=\"row-5 odd\">\n\t<td class=\"column-1\">\u015eekillendirme Y\u00f6n\u00fc<\/td><td class=\"column-2\">Folyo alt\u0131ndan yada \u00fcst\u00fcnden \u015fekillendirme<\/td><td class=\"column-3\">Folyo alt\u0131ndan yada \u00fcst\u00fcnden \u015fekillendirme<\/td><td class=\"column-4\">Folyo alt\u0131ndan yada \u00fcst\u00fcnden \u015fekillendirme<\/td>\n<\/tr>\n<tr class=\"row-6 even\">\n\t<td class=\"column-1\">Max. Folyo Geni\u015fli\u011fi (mm)<\/td><td class=\"column-2\">900 mm<\/td><td class=\"column-3\">1,050 mm<\/td><td class=\"column-4\">1,240 mm<\/td>\n<\/tr>\n<tr class=\"row-7 odd\">\n\t<td class=\"column-1\">Kal\u0131p Alan\u0131 (mm)                                   <\/td><td class=\"column-2\">Max. 850 x 1,000 \/ Min. 550 x 800 <\/td><td class=\"column-3\">Max. 1,000 x 1,000 \/ Min. 700 x 800<\/td><td class=\"column-4\">Max. 1,190 x 1,100 \/ Min. 850 x 800 <\/td>\n<\/tr>\n<tr class=\"row-8 even\">\n\t<td class=\"column-1\">\u015eekillendirme Kuvveti (ton)<\/td><td class=\"column-2\">80 ton<\/td><td class=\"column-3\">80 ton<\/td><td class=\"column-4\">80 ton<\/td>\n<\/tr>\n<tr class=\"row-9 odd\">\n\t<td class=\"column-1\">Max. \u00c7ekme Derinli\u011fi (mm)<\/td><td class=\"column-2\">180 mm<\/td><td class=\"column-3\">180<\/td><td class=\"column-4\">180<\/td>\n<\/tr>\n<tr class=\"row-10 even\">\n\t<td class=\"column-1\">Kapama Y\u00fcksekli\u011fi (mm)<\/td><td class=\"column-2\">\u00dcst: 380 Alt: 380<\/td><td class=\"column-3\">\u00dcst: 380 Alt: 380<\/td><td class=\"column-4\">\u00dcst: 380 Alt: 380<\/td>\n<\/tr>\n<tr class=\"row-11 odd\">\n\t<td class=\"column-1\">Plaka Strok (mm)<\/td><td class=\"column-2\">\u00dcst: 190 Alt: 190<\/td><td class=\"column-3\">\u00dcst: 190 Alt: 190<\/td><td class=\"column-4\">\u00dcst: 190 Alt: 190<\/td>\n<\/tr>\n<tr class=\"row-12 even\">\n\t<td class=\"column-1\">Is\u0131 T\u00fcneli Uzunlu\u011fu (mm)<\/td><td class=\"column-2\">4000 mm<\/td><td class=\"column-3\">5000 mm<\/td><td class=\"column-4\">5600 mm<\/td>\n<\/tr>\n<tr class=\"row-13 odd\">\n\t<td class=\"column-1\">Is\u0131tma Elemanlar\u0131<\/td><td class=\"column-2\">Seramik<\/td><td class=\"column-3\">Seramik<\/td><td class=\"column-4\">Seramik<\/td>\n<\/tr>\n<tr class=\"row-14 even\">\n\t<td class=\"column-1\">S\u0131ral\u0131 Trim Press (inline)<\/td><td class=\"column-2\">Yatay, dikey veya alternatif<\/td><td class=\"column-3\">Yatay, dikey veya alternatif<\/td><td class=\"column-4\">Yatay, dikey veya alternatif<\/td>\n<\/tr>\n<tr class=\"row-15 odd\">\n\t<td class=\"column-1\">Trim Press Hareketi<\/td><td class=\"column-2\">AC (Alternatif Ak\u0131m) Servo tahrikli ileri geri krank hareketi<\/td><td class=\"column-3\">AC (Alternatif Ak\u0131m) Servo tahrikli ileri geri krank hareketi<\/td><td class=\"column-4\">AC (Alternatif Ak\u0131m) Servo tahrikli ileri geri krank hareketi<\/td>\n<\/tr>\n<tr class=\"row-16 even\">\n\t<td class=\"column-1\">Otomatik Saya\u00e7 D\u00f6nd\u00fcrme<\/td><td class=\"column-2\">Opsiyon<\/td><td class=\"column-3\">Opsiyon<\/td><td class=\"column-4\">Opsiyon<\/td>\n<\/tr>\n<tr class=\"row-17 odd\">\n\t<td class=\"column-1\">Yan Do\u011frusal K\u0131lavuz<\/td><td class=\"column-2\">Opsiyon<\/td><td class=\"column-3\">Opsiyon<\/td><td class=\"column-4\">Opsiyon<\/td>\n<\/tr>\n<tr class=\"row-18 even\">\n\t<td class=\"column-1\">Max. Trimming H\u0131z\u0131 (CPM)<\/td><td class=\"column-2\">Standart 120 Opsiyon 160<\/td><td class=\"column-3\">Standart 120 Opsiyon 160<\/td><td class=\"column-4\">Standart 120 Opsiyon 160<\/td>\n<\/tr>\n<tr class=\"row-19 odd\">\n\t<td class=\"column-1\">Trimming Kuvveti (tons)<\/td><td class=\"column-2\">35 ton<\/td><td class=\"column-3\">35 ton<\/td><td class=\"column-4\">35 ton<\/td>\n<\/tr>\n<tr class=\"row-20 even\">\n\t<td class=\"column-1\">Kontrol Sistemi<\/td><td class=\"column-2\">YASKAWA 3000 <\/td><td class=\"column-3\">YASKAWA 3000 <\/td><td class=\"column-4\">YASKAWA 3000 <\/td>\n<\/tr>\n<tr class=\"row-21 odd\">\n\t<td class=\"column-1\">Taban Alan\u0131 (M)<\/td><td class=\"column-2\">22 m (Uzunluk) x 3.8 m (En) x 5 m (Y\u00fckseklik)<\/td><td class=\"column-3\">22 m (Uzunluk) x 3.8 m (En) x 5 m (Y\u00fckseklik)<\/td><td class=\"column-4\">24 m (Uzunluk) x 4 m (En) x 5 m (Y\u00fckseklik)<\/td>\n<\/tr>\n<tr class=\"row-22 even\">\n\t<td class=\"column-1\">Makine A\u011f\u0131rl\u0131\u011f\u0131 (kg)<\/td><td class=\"column-2\">18.000 kg<\/td><td class=\"column-3\">20.000 kg<\/td><td class=\"column-4\">22.000 kg<\/td>\n<\/tr>\n<\/tbody>\n<\/table>\n<!-- #tablepress-10 from cache -->\n","protected":false},"excerpt":{"rendered":"<div style=\"display:none\" class=\"fm-form-container fm-theme3\"><div id=\"fm-pages8\" class=\"fm-pages wdform_page_navigation \" show_title=\"\" show_numbers=\"1\" type=\"none\"><\/div><form name=\"form8\" action=\"\/tr\/wp-json\/wp\/v2\/product\/1597\" method=\"post\" id=\"form8\" class=\"fm-form form8  \" enctype=\"multipart\/form-data\"><input type=\"hidden\" id=\"fm_page_id8\" value=\"1597\" name=\"fm_page_id8\" \/><input type=\"hidden\" id=\"fm_current_post_type8\" value=\"product\" name=\"fm_current_post_type8\" \/><input type=\"hidden\" id=\"counter8\" value=\"5\" name=\"counter8\" \/><input type=\"hidden\" id=\"Itemid8\" value=\"\" name=\"Itemid8\" \/><input type=\"hidden\" id=\"fm_shake8\" value=\"1\" name=\"fm_shake8\" \/><input type=\"text\" class=\"fm-hide\" id=\"fm_empty_field_validation8\" value=\"\" name=\"fm_empty_field_validation8\" data-value=\"bd736efb144d599cf463541431fbf5c4\" \/><div class=\"wdform-page-and-images fm-form-builder\"><div id=\"8form_view1\" class=\"wdform_page\" page_title=\"Untitled page\" next_title=\"Next\" next_type=\"text\" next_class=\"wdform-page-button\" next_checkable=\"true\" previous_title=\"Previous\" previous_type=\"text\" previous_class=\"wdform-page-button\" previous_checkable=\"false\"><div class=\"wdform_section\"><div class=\"wdform_column\"><div wdid=\"3\" class=\"wdform_row\" style=\"position: relative; left: 0px; top: 0px;\"><div type=\"type_text\" class=\"wdform-field wd-width-100 wd-flex wd-flex-column fm-type_text\" ><div class=\"wdform-label-section wd-width-100  wd-flex-row wd-align-items-center\">    <label  for=\"wdform_3_element8\" class=\"wdform-label\">Ad\u0131n\u0131z Soyad\u0131n\u0131z<\/label><span class=\"wdform-required\">*<\/span><\/div><div class=\"wdform-element-section wd-flex  wd-flex-row wd-align-items-center wd-width-100\" ><input type=\"text\"                           class=\"wd-width-100\"                           id=\"wdform_3_element8\"                           name=\"wdform_3_element8\"                           value=\"\"                           data-value=\"\"                           title=\"\"                           placeholder=\"\"                                                       \/><\/div><\/div><\/div><\/div><div class=\"wdform_column\"><div wdid=\"2\" class=\"wdform_row\" style=\"position: relative; left: 0px; top: 0px;\"><div type=\"type_phone_new\" class=\"wdform-field wd-width-100 wd-flex wd-flex-column fm-type_phone_new\" ><div class=\"wdform-label-section wd-width-100 \">    <label  for=\"wdform_2_element8\" class=\"wdform-label\">Telefon Numaran\u0131z<\/label><span class=\"wdform-required\">*<\/span><\/div><div class=\"wdform-element-section wd-flex  wd-width-100\" ><input type=\"text\"                       class=\"wd-width-100\"                       id=\"wdform_2_element8\"                       name=\"wdform_2_element8\"                       value=\"\"                       data-value=\"\"                       placeholder=\"\"  \/><\/div><\/div><\/div><\/div><div class=\"wdform_column\"><div wdid=\"4\" class=\"wdform_row\" style=\"position: relative; left: 0px; top: 0px;\"><div type=\"type_submitter_mail\" class=\"wdform-field wd-width-100 wd-flex wd-flex-column fm-type_submitter_mail\" ><div class=\"wdform-label-section wd-width-100  wd-flex-row\">    <label  for=\"wdform_4_element8\" class=\"wdform-label\">E-mail<\/label><span class=\"wdform-required\">*<\/span><\/div><div class=\"wdform-element-section wd-flex  wd-flex-row wd-width-100\" ><input type=\"text\" class=\"wd-width-100\" id=\"wdform_4_element8\" name=\"wdform_4_element8\" data-value=\"\" value=\"\" title=\"\" placeholder=\"\"   onchange=\"wd_check_email('4', '8', 'Bu ge\u00e7erli bir e-posta adresi de\u011fil.')\" \/><\/div><\/div><\/div><\/div><div class=\"wdform_column\"><div wdid=\"1\" class=\"wdform_row\" style=\"position: relative; left: 0px; top: 0px;\"><div type=\"type_submit_reset\" class=\"wdform-field wd-width-100 wd-flex wd-flex-column fm-type_submit_reset\" ><div class=\"wdform-element-section wd-flex  wd-flex-row wd-justify-content-left wd-width-100\" ><button  type=\"button\" class=\"button-submit\" onclick=\"fm_submit_form('8');\"  data-ajax=\"0\"><span class=\"fm-submit-loading spinner fm-ico-spinner\"><\/span>F\u0130YAT AL<\/button><button  type=\"button\" class=\"button-reset wd-hidden\" onclick=\"fm_reset_form(8);\" >Reset<\/button><\/div><\/div><\/div><\/div><\/div><div valign=\"top\" class=\"wdform_footer wd-width-100\"><div class=\"wd-width-100\"><div class=\"wd-width-100 wd-table\" style=\"padding-top:10px;\"><div class=\"wd-table-group\"><div id=\"8page_nav1\" class=\"wd-table-row\"><\/div><\/div><\/div><\/div><\/div><\/div><\/div><div class=\"wdform_preload\"><\/div><input type=\"hidden\" name=\"fm-current-page\" value=\"https:\/\/www.allplastix.com\/tr\/wp-json\/wp\/v2\/product\/1597\" \/><\/form><\/div>\n","protected":false},"featured_media":1579,"template":"","meta":{"_joinchat":[]},"product_cat":[119],"product_tag":[143,140,144,142,141,134],"class_list":["post-1597","product","type-product","status-publish","has-post-thumbnail","hentry","product_cat-plastik-urunler-icin","product_tag-apet","product_tag-ayri-istasyonlu-termoform-makinasi","product_tag-pla","product_tag-polipropilen","product_tag-polistiren","product_tag-termoform-makinasi"],"aioseo_notices":[],"_links":{"self":[{"href":"https:\/\/www.allplastix.com\/tr\/wp-json\/wp\/v2\/product\/1597","targetHints":{"allow":["GET"]}}],"collection":[{"href":"https:\/\/www.allplastix.com\/tr\/wp-json\/wp\/v2\/product"}],"about":[{"href":"https:\/\/www.allplastix.com\/tr\/wp-json\/wp\/v2\/types\/product"}],"wp:featuredmedia":[{"embeddable":true,"href":"https:\/\/www.allplastix.com\/tr\/wp-json\/wp\/v2\/media\/1579"}],"wp:attachment":[{"href":"https:\/\/www.allplastix.com\/tr\/wp-json\/wp\/v2\/media?parent=1597"}],"wp:term":[{"taxonomy":"product_cat","embeddable":true,"href":"https:\/\/www.allplastix.com\/tr\/wp-json\/wp\/v2\/product_cat?post=1597"},{"taxonomy":"product_tag","embeddable":true,"href":"https:\/\/www.allplastix.com\/tr\/wp-json\/wp\/v2\/product_tag?post=1597"}],"curies":[{"name":"wp","href":"https:\/\/api.w.org\/{rel}","templated":true}]}}