{"id":1599,"date":"2020-01-12T13:00:38","date_gmt":"2020-01-12T13:00:38","guid":{"rendered":"https:\/\/www.allplastix.com\/tr\/?post_type=product&#038;p=1599"},"modified":"2022-03-25T18:28:07","modified_gmt":"2022-03-25T15:28:07","slug":"plastik-levha-ekstruzyon-makinesi","status":"publish","type":"product","link":"https:\/\/www.allplastix.com\/tr\/urun\/plastik-levha-ekstruzyon-makinesi\/","title":{"rendered":"Plastik Levha Ekstr\u00fczyon Makinesi"},"content":{"rendered":"<p>Plastik levha ekstr\u00fczyon sistemleri \u00fcretiminde d\u00fcnya lideriyiz. Tek katmanl\u0131, \u00e7ok katmanl\u0131 ve bariyer tabakas\u0131 ekstr\u00fczyon gereksinimleri i\u00e7in komple anahtar teslimi sistemler sunuyoruz. Sistemler, y\u00fcksek hacimli \u00fcr\u00fcnler i\u00e7in bir termoform makinas\u0131 ile birlikte, sarma veya kesme ekipman\u0131 ile off-line \u00e7al\u0131\u015facak \u015fekilde yap\u0131land\u0131r\u0131labilir. Polipropilen, PET, polistiren ve di\u011fer polimerlerde i\u015fleme uzmanl\u0131\u011f\u0131 sunuyoruz. \u00dcretim ekipman\u0131m\u0131z\u0131n ekstr\u00fczyon h\u0131zlar\u0131 200 Kg \/ saat ile 4000 Kg \/ saat aral\u0131\u011f\u0131ndad\u0131r.<\/p>\n<p>Ekstr\u00fcderlere normalde filtreleme cihazlar\u0131, eriyik pompalar\u0131, statik kar\u0131\u015ft\u0131r\u0131c\u0131lar, ko-ekstr\u00fczyon manifoldlar\u0131 (uygulanabiliyorsa) ve son teknoloji manifold d\u00fcz kal\u0131plar\u0131 tak\u0131l\u0131r. Levha sistemleri tipik olarak 750 mm geni\u015flik ile 1700 mm geni\u015flik aral\u0131\u011f\u0131ndad\u0131r. Merdane \u00e7aplar\u0131, i\u015flem gereksinimlerine g\u00f6re etrafl\u0131 so\u011futma sa\u011flayacak \u015fekilde boyutland\u0131r\u0131lm\u0131\u015ft\u0131r.<\/p>\n<p>Ayr\u0131ca mikroi\u015flemci i\u015flem kontrol\u00fc, gravimetrik kar\u0131\u015ft\u0131rma ve besleme ekipman\u0131, kaplama ve laminasyon istasyonlar\u0131, otomatik profil kontroll\u00fc folyo \u00f6l\u00e7\u00fcmleme sistemleri ve sarma ekipman\u0131 dahil olmak \u00fczere folyo \u00fcretimi i\u00e7in komple bir yard\u0131mc\u0131 ekipman sunmaktad\u0131r.<br \/>\nSizleri, bizi folyo \u00fcretim ekipman orta\u011f\u0131 olarak adland\u0131ran d\u00fcnyan\u0131n en verimli ve karl\u0131 \u015firketler grubuna kat\u0131lmaya davet ediyoruz.<\/p>\n\n<table id=\"tablepress-13\" class=\"tablepress tablepress-id-13\">\n<thead>\n<tr class=\"row-1 odd\">\n\t<th class=\"column-1\">MODEL<\/th><th class=\"column-2\">Plastik Levha Ekstr\u00fczyon Makinesi<\/th>\n<\/tr>\n<\/thead>\n<tbody>\n<tr class=\"row-2 even\">\n\t<td class=\"column-1\">Malzeme<\/td><td class=\"column-2\">PS, PP, PET, PLA ve di\u011fer sert malzeme polimerleri<\/td>\n<\/tr>\n<tr class=\"row-3 odd\">\n\t<td class=\"column-1\">Katmanlar<\/td><td class=\"column-2\">Tek katmanl\u0131 tek vidal\u0131 \u00e7ekme veya \u00e7ok katmanl\u0131 \u00e7ekme<\/td>\n<\/tr>\n<tr class=\"row-4 even\">\n\t<td class=\"column-1\">\u00dcretim<\/td><td class=\"column-2\">Folyo kesimi, bobin sarma, termoform makinas\u0131 ile birlikte (inline) \u00e7al\u0131\u015fma<\/td>\n<\/tr>\n<tr class=\"row-5 odd\">\n\t<td class=\"column-1\">Folyo Kal\u0131nl\u0131\u011f\u0131<\/td><td class=\"column-2\">0.2 ~ 3 mm<\/td>\n<\/tr>\n<tr class=\"row-6 even\">\n\t<td class=\"column-1\">Folyo Geni\u015fli\u011fi<\/td><td class=\"column-2\">500 ~ 1,700 mm<\/td>\n<\/tr>\n<tr class=\"row-7 odd\">\n\t<td class=\"column-1\">Vida \u00c7ap\u0131<\/td><td class=\"column-2\">50; 65; 75; 90; 100; 120; 130; 150; 180 &amp; 200 mm<\/td>\n<\/tr>\n<tr class=\"row-8 even\">\n\t<td class=\"column-1\">Verim<\/td><td class=\"column-2\">200 ~ 2,000 kg \/ saat<\/td>\n<\/tr>\n<tr class=\"row-9 odd\">\n\t<td class=\"column-1\">Hat H\u0131z\u0131<\/td><td class=\"column-2\">100 M \/ Dakika ya kadar<\/td>\n<\/tr>\n<tr class=\"row-10 even\">\n\t<td class=\"column-1\">So\u011futma Merdaneleri<\/td><td class=\"column-2\">Dikey, 45 e\u011fimli, yatay, J tipi ve 3. merdane d\u00f6ner tip<\/td>\n<\/tr>\n<tr class=\"row-11 odd\">\n\t<td class=\"column-1\">So\u011futma Merdaneleri \u00c7ap\u0131<\/td><td class=\"column-2\">300; 350; 400; 450; 500; 600; 750; 900 mm<\/td>\n<\/tr>\n<tr class=\"row-12 even\">\n\t<td class=\"column-1\">Is\u0131 de\u011fi\u015fimi<\/td><td class=\"column-2\">do\u011frudan veya dolayl\u0131 tip<\/td>\n<\/tr>\n<tr class=\"row-13 odd\">\n\t<td class=\"column-1\">Dilme<\/td><td class=\"column-2\">T\u0131ra\u015f b\u0131\u00e7a\u011f\u0131, d\u00f6ner b\u0131\u00e7ak<\/td>\n<\/tr>\n<tr class=\"row-14 even\">\n\t<td class=\"column-1\">Sar\u0131c\u0131<\/td><td class=\"column-2\">Sabit mil, dirsek, \u00e7\u0131kar\u0131labilir merdane kafas\u0131, jumbo merdane ve otomatik kesim d\u00f6ner ba\u015fl\u0131\u011f\u0131<\/td>\n<\/tr>\n<tr class=\"row-15 odd\">\n\t<td class=\"column-1\">Hareket Sistemi<\/td><td class=\"column-2\">FLENDER \u015fanz\u0131manl\u0131 veya benzeri SIEMENS AC S\u00fcr\u00fcc\u00fc<\/td>\n<\/tr>\n<\/tbody>\n<\/table>\n<!-- #tablepress-13 from cache -->\n","protected":false},"excerpt":{"rendered":"<div style=\"display:none\" class=\"fm-form-container fm-theme3\"><div id=\"fm-pages8\" class=\"fm-pages wdform_page_navigation \" show_title=\"\" show_numbers=\"1\" type=\"none\"><\/div><form name=\"form8\" action=\"\/tr\/wp-json\/wp\/v2\/product\/1599\" method=\"post\" id=\"form8\" class=\"fm-form form8  \" enctype=\"multipart\/form-data\"><input type=\"hidden\" id=\"fm_page_id8\" value=\"1599\" name=\"fm_page_id8\" \/><input type=\"hidden\" id=\"fm_current_post_type8\" value=\"product\" name=\"fm_current_post_type8\" \/><input type=\"hidden\" id=\"counter8\" value=\"5\" name=\"counter8\" \/><input type=\"hidden\" id=\"Itemid8\" value=\"\" name=\"Itemid8\" \/><input type=\"hidden\" id=\"fm_shake8\" value=\"1\" name=\"fm_shake8\" \/><input type=\"text\" class=\"fm-hide\" id=\"fm_empty_field_validation8\" value=\"\" name=\"fm_empty_field_validation8\" data-value=\"bd736efb144d599cf463541431fbf5c4\" \/><div class=\"wdform-page-and-images fm-form-builder\"><div id=\"8form_view1\" class=\"wdform_page\" page_title=\"Untitled page\" next_title=\"Next\" next_type=\"text\" next_class=\"wdform-page-button\" next_checkable=\"true\" previous_title=\"Previous\" previous_type=\"text\" previous_class=\"wdform-page-button\" previous_checkable=\"false\"><div class=\"wdform_section\"><div class=\"wdform_column\"><div wdid=\"3\" class=\"wdform_row\" style=\"position: relative; left: 0px; top: 0px;\"><div type=\"type_text\" class=\"wdform-field wd-width-100 wd-flex wd-flex-column fm-type_text\" ><div class=\"wdform-label-section wd-width-100  wd-flex-row wd-align-items-center\">    <label  for=\"wdform_3_element8\" class=\"wdform-label\">Ad\u0131n\u0131z Soyad\u0131n\u0131z<\/label><span class=\"wdform-required\">*<\/span><\/div><div class=\"wdform-element-section wd-flex  wd-flex-row wd-align-items-center wd-width-100\" ><input type=\"text\"                           class=\"wd-width-100\"                           id=\"wdform_3_element8\"                           name=\"wdform_3_element8\"                           value=\"\"                           data-value=\"\"                           title=\"\"                           placeholder=\"\"                                                       \/><\/div><\/div><\/div><\/div><div class=\"wdform_column\"><div wdid=\"2\" class=\"wdform_row\" style=\"position: relative; left: 0px; top: 0px;\"><div type=\"type_phone_new\" class=\"wdform-field wd-width-100 wd-flex wd-flex-column fm-type_phone_new\" ><div class=\"wdform-label-section wd-width-100 \">    <label  for=\"wdform_2_element8\" class=\"wdform-label\">Telefon Numaran\u0131z<\/label><span class=\"wdform-required\">*<\/span><\/div><div class=\"wdform-element-section wd-flex  wd-width-100\" ><input type=\"text\"                       class=\"wd-width-100\"                       id=\"wdform_2_element8\"                       name=\"wdform_2_element8\"                       value=\"\"                       data-value=\"\"                       placeholder=\"\"  \/><\/div><\/div><\/div><\/div><div class=\"wdform_column\"><div wdid=\"4\" class=\"wdform_row\" style=\"position: relative; left: 0px; top: 0px;\"><div type=\"type_submitter_mail\" class=\"wdform-field wd-width-100 wd-flex wd-flex-column fm-type_submitter_mail\" ><div class=\"wdform-label-section wd-width-100  wd-flex-row\">    <label  for=\"wdform_4_element8\" class=\"wdform-label\">E-mail<\/label><span class=\"wdform-required\">*<\/span><\/div><div class=\"wdform-element-section wd-flex  wd-flex-row wd-width-100\" ><input type=\"text\" class=\"wd-width-100\" id=\"wdform_4_element8\" name=\"wdform_4_element8\" data-value=\"\" value=\"\" title=\"\" placeholder=\"\"   onchange=\"wd_check_email('4', '8', 'Bu ge\u00e7erli bir e-posta adresi de\u011fil.')\" \/><\/div><\/div><\/div><\/div><div class=\"wdform_column\"><div wdid=\"1\" class=\"wdform_row\" style=\"position: relative; left: 0px; top: 0px;\"><div type=\"type_submit_reset\" class=\"wdform-field wd-width-100 wd-flex wd-flex-column fm-type_submit_reset\" ><div class=\"wdform-element-section wd-flex  wd-flex-row wd-justify-content-left wd-width-100\" ><button  type=\"button\" class=\"button-submit\" onclick=\"fm_submit_form('8');\"  data-ajax=\"0\"><span class=\"fm-submit-loading spinner fm-ico-spinner\"><\/span>F\u0130YAT AL<\/button><button  type=\"button\" class=\"button-reset wd-hidden\" onclick=\"fm_reset_form(8);\" >Reset<\/button><\/div><\/div><\/div><\/div><\/div><div valign=\"top\" class=\"wdform_footer wd-width-100\"><div class=\"wd-width-100\"><div class=\"wd-width-100 wd-table\" style=\"padding-top:10px;\"><div class=\"wd-table-group\"><div id=\"8page_nav1\" class=\"wd-table-row\"><\/div><\/div><\/div><\/div><\/div><\/div><\/div><div class=\"wdform_preload\"><\/div><input type=\"hidden\" name=\"fm-current-page\" value=\"https:\/\/www.allplastix.com\/tr\/wp-json\/wp\/v2\/product\/1599\" \/><\/form><\/div>\n","protected":false},"featured_media":1578,"template":"","meta":{"_joinchat":[]},"product_cat":[122],"product_tag":[147,148,146,149],"class_list":["post-1599","product","type-product","status-publish","has-post-thumbnail","hentry","product_cat-ekstruzyon-makinesi","product_tag-ekstruzyon-makinesi","product_tag-levha-makinesi","product_tag-plastik-levha-ekstruzyon-makinesi","product_tag-plastik-makinesi"],"aioseo_notices":[],"_links":{"self":[{"href":"https:\/\/www.allplastix.com\/tr\/wp-json\/wp\/v2\/product\/1599","targetHints":{"allow":["GET"]}}],"collection":[{"href":"https:\/\/www.allplastix.com\/tr\/wp-json\/wp\/v2\/product"}],"about":[{"href":"https:\/\/www.allplastix.com\/tr\/wp-json\/wp\/v2\/types\/product"}],"wp:featuredmedia":[{"embeddable":true,"href":"https:\/\/www.allplastix.com\/tr\/wp-json\/wp\/v2\/media\/1578"}],"wp:attachment":[{"href":"https:\/\/www.allplastix.com\/tr\/wp-json\/wp\/v2\/media?parent=1599"}],"wp:term":[{"taxonomy":"product_cat","embeddable":true,"href":"https:\/\/www.allplastix.com\/tr\/wp-json\/wp\/v2\/product_cat?post=1599"},{"taxonomy":"product_tag","embeddable":true,"href":"https:\/\/www.allplastix.com\/tr\/wp-json\/wp\/v2\/product_tag?post=1599"}],"curies":[{"name":"wp","href":"https:\/\/api.w.org\/{rel}","templated":true}]}}