{"id":1760,"date":"2020-01-27T12:07:33","date_gmt":"2020-01-27T12:07:33","guid":{"rendered":"https:\/\/www.allplastix.com\/tr\/?post_type=product&#038;p=1760"},"modified":"2022-06-07T00:39:17","modified_gmt":"2022-06-06T21:39:17","slug":"temas-isitmali-termoform-makinasi","status":"publish","type":"product","link":"https:\/\/www.allplastix.com\/tr\/urun\/temas-isitmali-termoform-makinasi\/","title":{"rendered":"Temas Is\u0131tmal\u0131 Termoform Makinas\u0131"},"content":{"rendered":"<p>Temas Is\u0131tmal\u0131 Termoform Makinas\u0131 modeli BOPS, HIPS, PET, PP ve PVC gibi \u00e7ok \u00e7e\u015fitli folyolardan \u00e7e\u015fitli ince duvarl\u0131 g\u0131da kaplar\u0131 yapar.<br \/>\nTemas Is\u0131tmal\u0131 Termoform Makinas\u0131 modeli \u0131s\u0131 f\u0131r\u0131n\u0131 ve zincir endeksi olmamas\u0131yla enerji ve yer tasarrufu sa\u011flayarak folyoyu temas \u0131s\u0131tma plakas\u0131na \u00e7eker. Temas Is\u0131tmal\u0131 Termoform Makinas\u0131 ayr\u0131ca f\u0131r\u0131nda folyo sarkmas\u0131n\u0131 \u00f6nler ve i\u015flemi kolayla\u015ft\u0131r\u0131r.<br \/>\n\u00dcst hareketli merdane, hassas bir konumland\u0131rma ve hareket kontrol\u00fc sa\u011flamak i\u00e7in mafsal sistemine ba\u011fl\u0131 servo motor taraf\u0131ndan tahrik edilir.<br \/>\nSabit alt plaka d\u00f6rt katmandan olu\u015fur:<br \/>\n&#8211; 1. Plaka hava \u00fcfleme olu\u015fturmak i\u00e7in binlerce k\u00fc\u00e7\u00fck deli\u011fe sahip y\u00fczey plakas\u0131d\u0131r<br \/>\n&#8211; 2. Plaka formlama hava bas\u0131nc\u0131n\u0131 kontrol etmek i\u00e7in ak\u0131\u015f kanallar\u0131na sahiptir<br \/>\n&#8211; 3. Plaka levhay\u0131 \u0131s\u0131tmak i\u00e7in monte edilmi\u015f \u0131s\u0131t\u0131c\u0131lara sahiptir<br \/>\n&#8211; 4. plaka yal\u0131t\u0131lm\u0131\u015ft\u0131r<br \/>\n\u015eekillendirme kal\u0131b\u0131 boyutlar\u0131yla e\u015fle\u015fen \u00e7oklu kontrol b\u00f6lgeleri, \u015fekillendirme alan\u0131n\u0131 \u00e7evreleyen g\u00fcvenlik muhafazalar\u0131 ve \u015fekillendirme istasyonunun giri\u015f ve \u00e7\u0131k\u0131\u015f\u0131na bir g\u00fcvenlik \u0131\u015f\u0131k perdesi monte edilmi\u015ftir. Hava &#8220;a\u00e7ma \/ kapama&#8221; anahtarlar\u0131, alt plakadaki b\u00f6lgesel hava hassasiyetinin kontrol\u00fc i\u00e7indir. H\u0131zl\u0131 kal\u0131p de\u011fi\u015fiklikleri \u00fcretim esnekli\u011fini ve maliyet tasarrufu sa\u011flar.<br \/>\n\u015eekillendirilen folyo kavran\u0131p, pistonlu triger kay\u0131\u015f\u0131 sistemiyle \u00f6nceden belirlenmi\u015f uzunlukta aktar\u0131lmaktad\u0131r. Folyo formlanm\u0131\u015f t\u00fcm alan\u0131 kesen hareketli b\u0131\u00e7akla e\u015fle\u015fir sonras\u0131nda dizici de birikir. Bu istiflenmi\u015f kesimler harici \u00e7al\u0131\u015fan bir trim presle i\u015flenebilir. S\u00fcrekli bir a\u00e7ma \/ kapama kenar i\u015faret z\u0131mbas\u0131, bas\u0131m miktarlar\u0131n\u0131 kolayca tan\u0131mlamak ve \u00e7evrimd\u0131\u015f\u0131 \u00fcretim i\u00e7in kenarda bir i\u015faret olu\u015fturur. Seri \u00fcretim i\u00e7in online dikey trim presli uygulama i\u00e7in de uygundur.<\/p>\n<p>Temas Is\u0131tmal\u0131 Termoform Makinas\u0131, g\u0131da ambalaj sekt\u00f6r\u00fcndeki \u00e7e\u015fitli ince duvarl\u0131 s\u0131\u011f kaplar\u0131n \u00fcretim ihtiya\u00e7lar\u0131 i\u00e7in en uygun \u00e7\u00f6z\u00fcm\u00fc sunar.<\/p>\n\n<table id=\"tablepress-12\" class=\"tablepress tablepress-id-12\">\n<thead>\n<tr class=\"row-1 odd\">\n\t<th class=\"column-1\">MODEL<\/th><th class=\"column-2\">Temas Is\u0131tmal\u0131 Termoform Makinas\u0131 - 1100<\/th>\n<\/tr>\n<\/thead>\n<tbody>\n<tr class=\"row-2 even\">\n\t<td class=\"column-1\">Konfig\u00fcrasyon<\/td><td class=\"column-2\">Temas \u0131s\u0131tmal\u0131 plaka<\/td>\n<\/tr>\n<tr class=\"row-3 odd\">\n\t<td class=\"column-1\">Uygulama Alan\u0131<\/td><td class=\"column-2\">BOPS, HIPS, PET vb. plastik malzemeden yap\u0131lm\u0131\u015f ince duvarl\u0131 s\u0131\u011f \u00fcr\u00fcnler<\/td>\n<\/tr>\n<tr class=\"row-4 even\">\n\t<td class=\"column-1\">\u015eekillendirme Y\u00f6ntemi<\/td><td class=\"column-2\">Vakum \/ Bas\u0131n\u00e7l\u0131 \u015fekillendirme<\/td>\n<\/tr>\n<tr class=\"row-5 odd\">\n\t<td class=\"column-1\">\u015eekillendirme Y\u00f6n\u00fc<\/td><td class=\"column-2\">Folyo \u00fcst\u00fcnden \u015fekillendirme<\/td>\n<\/tr>\n<tr class=\"row-6 even\">\n\t<td class=\"column-1\">Max. Folyo Geni\u015fli\u011fi (mm)<\/td><td class=\"column-2\">1,100 mm<\/td>\n<\/tr>\n<tr class=\"row-7 odd\">\n\t<td class=\"column-1\">Max. \u015eekillendirme Alan\u0131 (mm)<\/td><td class=\"column-2\">1,050 x 1,050 mm<\/td>\n<\/tr>\n<tr class=\"row-8 even\">\n\t<td class=\"column-1\">Min. \u015eekillendirme Alan\u0131 (mm)<\/td><td class=\"column-2\">700 x 700 mm<\/td>\n<\/tr>\n<tr class=\"row-9 odd\">\n\t<td class=\"column-1\">Max. \u00c7ekme Derinli\u011fi (mm)<\/td><td class=\"column-2\">50 mm<\/td>\n<\/tr>\n<tr class=\"row-10 even\">\n\t<td class=\"column-1\">\u015eekillendirme<\/td><td class=\"column-2\">75 ton<\/td>\n<\/tr>\n<tr class=\"row-11 odd\">\n\t<td class=\"column-1\">Kapama Y\u00fcksekli\u011fi (mm)<\/td><td class=\"column-2\">55-150 mm<\/td>\n<\/tr>\n<tr class=\"row-12 even\">\n\t<td class=\"column-1\">Plaka Strok (mm)<\/td><td class=\"column-2\">150 mm<\/td>\n<\/tr>\n<tr class=\"row-13 odd\">\n\t<td class=\"column-1\">Max. Devir H\u0131z\u0131<\/td><td class=\"column-2\">35 Devir \/ Dakika<\/td>\n<\/tr>\n<tr class=\"row-14 even\">\n\t<td class=\"column-1\">\u00dcst Plaka Hareketi<\/td><td class=\"column-2\">AC (Alternatif Ak\u0131m) Servo tahrikli mafsal ba\u011flant\u0131s\u0131<\/td>\n<\/tr>\n<tr class=\"row-15 odd\">\n\t<td class=\"column-1\">Folyo Dizini<\/td><td class=\"column-2\">AC (Alternatif Ak\u0131m) Servolu kavrama \u00e7ekme sistemi<\/td>\n<\/tr>\n<tr class=\"row-16 even\">\n\t<td class=\"column-1\">\u00dcr\u00fcn kesimi<\/td><td class=\"column-2\">S\u0131ral\u0131 (inline) dikey trim pres veya ba\u011f\u0131ms\u0131z hidrolik kesme makinas\u0131<\/td>\n<\/tr>\n<tr class=\"row-17 odd\">\n\t<td class=\"column-1\">Kontrol Sistemi<\/td><td class=\"column-2\">Dokunmatik ekranl\u0131 YASKAWA PLC<\/td>\n<\/tr>\n<tr class=\"row-18 even\">\n\t<td class=\"column-1\">Taban Alan\u0131 (M)<\/td><td class=\"column-2\">8 m (Uzunluk) x 2.5 m (En) x 3.5 m (Y\u00fckseklik)<\/td>\n<\/tr>\n<\/tbody>\n<\/table>\n<!-- #tablepress-12 from cache -->\n","protected":false},"excerpt":{"rendered":"<div style=\"display:none\" class=\"fm-form-container fm-theme3\"><div id=\"fm-pages8\" class=\"fm-pages wdform_page_navigation \" show_title=\"\" show_numbers=\"1\" type=\"none\"><\/div><form name=\"form8\" action=\"\/tr\/wp-json\/wp\/v2\/product\/1760\" method=\"post\" id=\"form8\" class=\"fm-form form8  \" enctype=\"multipart\/form-data\"><input type=\"hidden\" id=\"fm_page_id8\" value=\"1760\" name=\"fm_page_id8\" \/><input type=\"hidden\" id=\"fm_current_post_type8\" value=\"product\" name=\"fm_current_post_type8\" \/><input type=\"hidden\" id=\"counter8\" value=\"5\" name=\"counter8\" \/><input type=\"hidden\" id=\"Itemid8\" value=\"\" name=\"Itemid8\" \/><input type=\"hidden\" id=\"fm_shake8\" value=\"1\" name=\"fm_shake8\" \/><input type=\"text\" class=\"fm-hide\" id=\"fm_empty_field_validation8\" value=\"\" name=\"fm_empty_field_validation8\" data-value=\"bd736efb144d599cf463541431fbf5c4\" \/><div class=\"wdform-page-and-images fm-form-builder\"><div id=\"8form_view1\" class=\"wdform_page\" page_title=\"Untitled page\" next_title=\"Next\" next_type=\"text\" next_class=\"wdform-page-button\" next_checkable=\"true\" previous_title=\"Previous\" previous_type=\"text\" previous_class=\"wdform-page-button\" previous_checkable=\"false\"><div class=\"wdform_section\"><div class=\"wdform_column\"><div wdid=\"3\" class=\"wdform_row\" style=\"position: relative; left: 0px; top: 0px;\"><div type=\"type_text\" class=\"wdform-field wd-width-100 wd-flex wd-flex-column fm-type_text\" ><div class=\"wdform-label-section wd-width-100  wd-flex-row wd-align-items-center\">    <label  for=\"wdform_3_element8\" class=\"wdform-label\">Ad\u0131n\u0131z Soyad\u0131n\u0131z<\/label><span class=\"wdform-required\">*<\/span><\/div><div class=\"wdform-element-section wd-flex  wd-flex-row wd-align-items-center wd-width-100\" ><input type=\"text\"                           class=\"wd-width-100\"                           id=\"wdform_3_element8\"                           name=\"wdform_3_element8\"                           value=\"\"                           data-value=\"\"                           title=\"\"                           placeholder=\"\"                                                       \/><\/div><\/div><\/div><\/div><div class=\"wdform_column\"><div wdid=\"2\" class=\"wdform_row\" style=\"position: relative; left: 0px; top: 0px;\"><div type=\"type_phone_new\" class=\"wdform-field wd-width-100 wd-flex wd-flex-column fm-type_phone_new\" ><div class=\"wdform-label-section wd-width-100 \">    <label  for=\"wdform_2_element8\" class=\"wdform-label\">Telefon Numaran\u0131z<\/label><span class=\"wdform-required\">*<\/span><\/div><div class=\"wdform-element-section wd-flex  wd-width-100\" ><input type=\"text\"                       class=\"wd-width-100\"                       id=\"wdform_2_element8\"                       name=\"wdform_2_element8\"                       value=\"\"                       data-value=\"\"                       placeholder=\"\"  \/><\/div><\/div><\/div><\/div><div class=\"wdform_column\"><div wdid=\"4\" class=\"wdform_row\" style=\"position: relative; left: 0px; top: 0px;\"><div type=\"type_submitter_mail\" class=\"wdform-field wd-width-100 wd-flex wd-flex-column fm-type_submitter_mail\" ><div class=\"wdform-label-section wd-width-100  wd-flex-row\">    <label  for=\"wdform_4_element8\" class=\"wdform-label\">E-mail<\/label><span class=\"wdform-required\">*<\/span><\/div><div class=\"wdform-element-section wd-flex  wd-flex-row wd-width-100\" ><input type=\"text\" class=\"wd-width-100\" id=\"wdform_4_element8\" name=\"wdform_4_element8\" data-value=\"\" value=\"\" title=\"\" placeholder=\"\"   onchange=\"wd_check_email('4', '8', 'Bu ge\u00e7erli bir e-posta adresi de\u011fil.')\" \/><\/div><\/div><\/div><\/div><div class=\"wdform_column\"><div wdid=\"1\" class=\"wdform_row\" style=\"position: relative; left: 0px; top: 0px;\"><div type=\"type_submit_reset\" class=\"wdform-field wd-width-100 wd-flex wd-flex-column fm-type_submit_reset\" ><div class=\"wdform-element-section wd-flex  wd-flex-row wd-justify-content-left wd-width-100\" ><button  type=\"button\" class=\"button-submit\" onclick=\"fm_submit_form('8');\"  data-ajax=\"0\"><span class=\"fm-submit-loading spinner fm-ico-spinner\"><\/span>F\u0130YAT AL<\/button><button  type=\"button\" class=\"button-reset wd-hidden\" onclick=\"fm_reset_form(8);\" >Reset<\/button><\/div><\/div><\/div><\/div><\/div><div valign=\"top\" class=\"wdform_footer wd-width-100\"><div class=\"wd-width-100\"><div class=\"wd-width-100 wd-table\" style=\"padding-top:10px;\"><div class=\"wd-table-group\"><div id=\"8page_nav1\" class=\"wd-table-row\"><\/div><\/div><\/div><\/div><\/div><\/div><\/div><div class=\"wdform_preload\"><\/div><input type=\"hidden\" name=\"fm-current-page\" value=\"https:\/\/www.allplastix.com\/tr\/wp-json\/wp\/v2\/product\/1760\" \/><\/form><\/div>\n","protected":false},"featured_media":1761,"template":"","meta":{"_joinchat":[]},"product_cat":[121],"product_tag":[151,134,138],"class_list":["post-1760","product","type-product","status-publish","has-post-thumbnail","hentry","product_cat-temas-isitmali-termoform-makinasi","product_tag-termoform","product_tag-termoform-makinasi","product_tag-termoform-makinesi"],"aioseo_notices":[],"_links":{"self":[{"href":"https:\/\/www.allplastix.com\/tr\/wp-json\/wp\/v2\/product\/1760","targetHints":{"allow":["GET"]}}],"collection":[{"href":"https:\/\/www.allplastix.com\/tr\/wp-json\/wp\/v2\/product"}],"about":[{"href":"https:\/\/www.allplastix.com\/tr\/wp-json\/wp\/v2\/types\/product"}],"wp:featuredmedia":[{"embeddable":true,"href":"https:\/\/www.allplastix.com\/tr\/wp-json\/wp\/v2\/media\/1761"}],"wp:attachment":[{"href":"https:\/\/www.allplastix.com\/tr\/wp-json\/wp\/v2\/media?parent=1760"}],"wp:term":[{"taxonomy":"product_cat","embeddable":true,"href":"https:\/\/www.allplastix.com\/tr\/wp-json\/wp\/v2\/product_cat?post=1760"},{"taxonomy":"product_tag","embeddable":true,"href":"https:\/\/www.allplastix.com\/tr\/wp-json\/wp\/v2\/product_tag?post=1760"}],"curies":[{"name":"wp","href":"https:\/\/api.w.org\/{rel}","templated":true}]}}