{"id":1762,"date":"2020-01-27T12:24:04","date_gmt":"2020-01-27T12:24:04","guid":{"rendered":"https:\/\/www.allplastix.com\/tr\/?post_type=product&#038;p=1762"},"modified":"2022-06-23T16:09:19","modified_gmt":"2022-06-23T13:09:19","slug":"yuksek-hizli-plastik-levha-ekstruzyon-makinesi","status":"publish","type":"product","link":"https:\/\/www.allplastix.com\/tr\/urun\/yuksek-hizli-plastik-levha-ekstruzyon-makinesi\/","title":{"rendered":"Y\u00fcksek H\u0131zl\u0131 Plastik Levha Ekstr\u00fczyon Makinesi"},"content":{"rendered":"<p>Y\u00fcksek H\u0131zl\u0131 Plastik Levha Ekstr\u00fczyon Makinesi PP malzeme i\u00e7in 900kg \/ saat ve PET malzeme i\u00e7in 1200kg \/ saat maksimum \u00fcretim sa\u011flar. Tahrik sistemi arka taraftan vida \u00e7\u0131karmak i\u00e7in oyuk \u015faft tasar\u0131ml\u0131 1.000rpm torklu servo motordur. Hava \u00fcflelemeli IR seramik \u0131s\u0131t\u0131c\u0131lar uygun \u0131s\u0131tma elemanlar\u0131d\u0131r. Bir\u00e7ok de\u011fi\u015fiklik ve iyile\u015ftirmeden sonra performans g\u00fcvenilirdir. Normal ekstr\u00fcdere g\u00f6re enerji tasarrufu, y\u00fcksek verim, d\u00fczg\u00fcnl\u00fck, parlak y\u00fczeyler, daha az i\u00e7 gerilim ve \u00e7ok daha \u015feffaf PP folyosu elde edebilir.<\/p>\n\n<table id=\"tablepress-14\" class=\"tablepress tablepress-id-14\">\n<thead>\n<tr class=\"row-1 odd\">\n\t<th class=\"column-1\">MODEL<\/th><th class=\"column-2\">PET\/PP Y\u00fcksek H\u0131zl\u0131 Plastik Levha Ekstr\u00fczyon Makinesi<\/th>\n<\/tr>\n<\/thead>\n<tbody>\n<tr class=\"row-2 even\">\n\t<td class=\"column-1\">Malzeme<\/td><td class=\"column-2\">PP, PET ve di\u011fer sert malzeme polimerleri<\/td>\n<\/tr>\n<tr class=\"row-3 odd\">\n\t<td class=\"column-1\">Enerji T\u00fcketimi<\/td><td class=\"column-2\">Enerji tasarrufu i\u00e7in etkili IR Ceramic, bir kilo i\u00e7in ~0.26 kWh enerji t\u00fcketimi<\/td>\n<\/tr>\n<tr class=\"row-4 even\">\n\t<td class=\"column-1\">Katmanlar<\/td><td class=\"column-2\">Tek katmanl\u0131 tek vidal\u0131 \u00e7ekme veya \u00e7ok katmanl\u0131 \u00e7ekme<\/td>\n<\/tr>\n<tr class=\"row-5 odd\">\n\t<td class=\"column-1\">\u00dcretim<\/td><td class=\"column-2\">Folyo kesimi, bobin sarma, termoform makinas\u0131 ile birlikte (inline) \u00e7al\u0131\u015fma<\/td>\n<\/tr>\n<tr class=\"row-6 even\">\n\t<td class=\"column-1\">Folyo Kal\u0131nl\u0131\u011f\u0131<\/td><td class=\"column-2\">PP: 0.3 mm ~ 2 mm, PET: 0.15 mm~1.2 mm<\/td>\n<\/tr>\n<tr class=\"row-7 odd\">\n\t<td class=\"column-1\">Folyo Geni\u015fli\u011fi<\/td><td class=\"column-2\">500 ~ 1,600 mm<\/td>\n<\/tr>\n<tr class=\"row-8 even\">\n\t<td class=\"column-1\">Vida \u00c7ap\u0131 (mm)<\/td><td class=\"column-2\">75 mm<\/td>\n<\/tr>\n<tr class=\"row-9 odd\">\n\t<td class=\"column-1\">Max. Vida Devir<\/td><td class=\"column-2\">1000 RPM<\/td>\n<\/tr>\n<tr class=\"row-10 even\">\n\t<td class=\"column-1\">Max. Verim<\/td><td class=\"column-2\">PP i\u00e7in 900 kg \/ saat +\/- 10%, PET i\u00e7in 1200 kg \/ saat +\/- 10%<\/td>\n<\/tr>\n<tr class=\"row-11 odd\">\n\t<td class=\"column-1\">Hat H\u0131z\u0131<\/td><td class=\"column-2\">60 M \/ Dakika ya kadar<\/td>\n<\/tr>\n<tr class=\"row-12 even\">\n\t<td class=\"column-1\">So\u011futma Merdaneleri<\/td><td class=\"column-2\">A\u015fa\u011f\u0131 dizme veya yukar\u0131 dizme konfig\u00fcrasyonu, dikey, e\u011fimli veya yatay, J tipi, 3. merdane d\u00f6ner tip ve y\u00fcksek performans gereksinimleri i\u00e7in \u00e7oklu temas tipi<\/td>\n<\/tr>\n<tr class=\"row-13 odd\">\n\t<td class=\"column-1\">Dilme<\/td><td class=\"column-2\">T\u0131ra\u015f b\u0131\u00e7a\u011f\u0131, d\u00f6ner b\u0131\u00e7ak<\/td>\n<\/tr>\n<tr class=\"row-14 even\">\n\t<td class=\"column-1\">Sar\u0131c\u0131<\/td><td class=\"column-2\">Sabit mil, dirsek, \u00e7\u0131kar\u0131labilir merdane kafas\u0131, jumbo merdane ve otomatik kesim d\u00f6ner ba\u015fl\u0131\u011f\u0131<\/td>\n<\/tr>\n<tr class=\"row-15 odd\">\n\t<td class=\"column-1\">Hareket Sistemi<\/td><td class=\"column-2\">Arka taraftan vida \u00e7\u0131karmak i\u00e7in CMG s\u00fcr\u00fcc\u00fcl\u00fc oluklu mil tasar\u0131m\u0131<\/td>\n<\/tr>\n<\/tbody>\n<\/table>\n<!-- #tablepress-14 from cache -->\n","protected":false},"excerpt":{"rendered":"<div style=\"display:none\" class=\"fm-form-container fm-theme3\"><div id=\"fm-pages8\" class=\"fm-pages wdform_page_navigation \" show_title=\"\" show_numbers=\"1\" type=\"none\"><\/div><form name=\"form8\" action=\"\/tr\/wp-json\/wp\/v2\/product\/1762\" method=\"post\" id=\"form8\" class=\"fm-form form8  \" enctype=\"multipart\/form-data\"><input type=\"hidden\" id=\"fm_page_id8\" value=\"1762\" name=\"fm_page_id8\" \/><input type=\"hidden\" id=\"fm_current_post_type8\" value=\"product\" name=\"fm_current_post_type8\" \/><input type=\"hidden\" id=\"counter8\" value=\"5\" name=\"counter8\" \/><input type=\"hidden\" id=\"Itemid8\" value=\"\" name=\"Itemid8\" \/><input type=\"hidden\" id=\"fm_shake8\" value=\"1\" name=\"fm_shake8\" \/><input type=\"text\" class=\"fm-hide\" id=\"fm_empty_field_validation8\" value=\"\" name=\"fm_empty_field_validation8\" data-value=\"bd736efb144d599cf463541431fbf5c4\" \/><div class=\"wdform-page-and-images fm-form-builder\"><div id=\"8form_view1\" class=\"wdform_page\" page_title=\"Untitled page\" next_title=\"Next\" next_type=\"text\" next_class=\"wdform-page-button\" next_checkable=\"true\" previous_title=\"Previous\" previous_type=\"text\" previous_class=\"wdform-page-button\" previous_checkable=\"false\"><div class=\"wdform_section\"><div class=\"wdform_column\"><div wdid=\"3\" class=\"wdform_row\" style=\"position: relative; left: 0px; top: 0px;\"><div type=\"type_text\" class=\"wdform-field wd-width-100 wd-flex wd-flex-column fm-type_text\" ><div class=\"wdform-label-section wd-width-100  wd-flex-row wd-align-items-center\">    <label  for=\"wdform_3_element8\" class=\"wdform-label\">Ad\u0131n\u0131z Soyad\u0131n\u0131z<\/label><span class=\"wdform-required\">*<\/span><\/div><div class=\"wdform-element-section wd-flex  wd-flex-row wd-align-items-center wd-width-100\" ><input type=\"text\"                           class=\"wd-width-100\"                           id=\"wdform_3_element8\"                           name=\"wdform_3_element8\"                           value=\"\"                           data-value=\"\"                           title=\"\"                           placeholder=\"\"                                                       \/><\/div><\/div><\/div><\/div><div class=\"wdform_column\"><div wdid=\"2\" class=\"wdform_row\" style=\"position: relative; left: 0px; top: 0px;\"><div type=\"type_phone_new\" class=\"wdform-field wd-width-100 wd-flex wd-flex-column fm-type_phone_new\" ><div class=\"wdform-label-section wd-width-100 \">    <label  for=\"wdform_2_element8\" class=\"wdform-label\">Telefon Numaran\u0131z<\/label><span class=\"wdform-required\">*<\/span><\/div><div class=\"wdform-element-section wd-flex  wd-width-100\" ><input type=\"text\"                       class=\"wd-width-100\"                       id=\"wdform_2_element8\"                       name=\"wdform_2_element8\"                       value=\"\"                       data-value=\"\"                       placeholder=\"\"  \/><\/div><\/div><\/div><\/div><div class=\"wdform_column\"><div wdid=\"4\" class=\"wdform_row\" style=\"position: relative; left: 0px; top: 0px;\"><div type=\"type_submitter_mail\" class=\"wdform-field wd-width-100 wd-flex wd-flex-column fm-type_submitter_mail\" ><div class=\"wdform-label-section wd-width-100  wd-flex-row\">    <label  for=\"wdform_4_element8\" class=\"wdform-label\">E-mail<\/label><span class=\"wdform-required\">*<\/span><\/div><div class=\"wdform-element-section wd-flex  wd-flex-row wd-width-100\" ><input type=\"text\" class=\"wd-width-100\" id=\"wdform_4_element8\" name=\"wdform_4_element8\" data-value=\"\" value=\"\" title=\"\" placeholder=\"\"   onchange=\"wd_check_email('4', '8', 'Bu ge\u00e7erli bir e-posta adresi de\u011fil.')\" \/><\/div><\/div><\/div><\/div><div class=\"wdform_column\"><div wdid=\"1\" class=\"wdform_row\" style=\"position: relative; left: 0px; top: 0px;\"><div type=\"type_submit_reset\" class=\"wdform-field wd-width-100 wd-flex wd-flex-column fm-type_submit_reset\" ><div class=\"wdform-element-section wd-flex  wd-flex-row wd-justify-content-left wd-width-100\" ><button  type=\"button\" class=\"button-submit\" onclick=\"fm_submit_form('8');\"  data-ajax=\"0\"><span class=\"fm-submit-loading spinner fm-ico-spinner\"><\/span>F\u0130YAT AL<\/button><button  type=\"button\" class=\"button-reset wd-hidden\" onclick=\"fm_reset_form(8);\" >Reset<\/button><\/div><\/div><\/div><\/div><\/div><div valign=\"top\" class=\"wdform_footer wd-width-100\"><div class=\"wd-width-100\"><div class=\"wd-width-100 wd-table\" style=\"padding-top:10px;\"><div class=\"wd-table-group\"><div id=\"8page_nav1\" class=\"wd-table-row\"><\/div><\/div><\/div><\/div><\/div><\/div><\/div><div class=\"wdform_preload\"><\/div><input type=\"hidden\" name=\"fm-current-page\" value=\"https:\/\/www.allplastix.com\/tr\/wp-json\/wp\/v2\/product\/1762\" \/><\/form><\/div>\n","protected":false},"featured_media":1833,"template":"","meta":{"_joinchat":[]},"product_cat":[122],"product_tag":[153,152,147],"class_list":["post-1762","product","type-product","status-publish","has-post-thumbnail","hentry","product_cat-ekstruzyon-makinesi","product_tag-ekstruzyon","product_tag-ekstruzyon-makinasi","product_tag-ekstruzyon-makinesi"],"aioseo_notices":[],"_links":{"self":[{"href":"https:\/\/www.allplastix.com\/tr\/wp-json\/wp\/v2\/product\/1762","targetHints":{"allow":["GET"]}}],"collection":[{"href":"https:\/\/www.allplastix.com\/tr\/wp-json\/wp\/v2\/product"}],"about":[{"href":"https:\/\/www.allplastix.com\/tr\/wp-json\/wp\/v2\/types\/product"}],"wp:featuredmedia":[{"embeddable":true,"href":"https:\/\/www.allplastix.com\/tr\/wp-json\/wp\/v2\/media\/1833"}],"wp:attachment":[{"href":"https:\/\/www.allplastix.com\/tr\/wp-json\/wp\/v2\/media?parent=1762"}],"wp:term":[{"taxonomy":"product_cat","embeddable":true,"href":"https:\/\/www.allplastix.com\/tr\/wp-json\/wp\/v2\/product_cat?post=1762"},{"taxonomy":"product_tag","embeddable":true,"href":"https:\/\/www.allplastix.com\/tr\/wp-json\/wp\/v2\/product_tag?post=1762"}],"curies":[{"name":"wp","href":"https:\/\/api.w.org\/{rel}","templated":true}]}}