{"id":1766,"date":"2020-01-27T12:33:12","date_gmt":"2020-01-27T12:33:12","guid":{"rendered":"https:\/\/www.allplastix.com\/tr\/?post_type=product&#038;p=1766"},"modified":"2022-06-04T12:45:01","modified_gmt":"2022-06-04T09:45:01","slug":"kopuk-yalitim-levhasi-ekstruzyon-makinesi","status":"publish","type":"product","link":"https:\/\/www.allplastix.com\/tr\/urun\/kopuk-yalitim-levhasi-ekstruzyon-makinesi\/","title":{"rendered":"K\u00f6p\u00fck Yal\u0131t\u0131m Levhas\u0131 Ekstr\u00fczyon Makinesi"},"content":{"rendered":"<p>M\u00fc\u015fterilerimize patlatma maddesi olarak CO2 kullanarak XPS \u00fcretimi i\u00e7in ak\u0131\u015f y\u00f6n\u00fcnde art arda dizili K\u00f6p\u00fck Yal\u0131t\u0131m Levhas\u0131 Ekstr\u00fczyon Makinesi sunmaktay\u0131z.<br \/>\n250kg\/saat ile 1200kg\/saat aral\u0131\u011f\u0131nda \u00fcretim kapasitesi, 20mm ile 140mm aras\u0131nda k\u00f6p\u00fck kal\u0131nl\u0131\u011f\u0131 ve 600mm ila 1200mm aras\u0131nda geni\u015flikler sunabiliyoruz.<br \/>\nAlev geciktirici ve \u00e7ekirdeklendirici dahil 8 adede kadar hammadde, homojen bir eriyik \u00fcretebilmek \u00fczere beslenmeden \u00f6nce birincil ekstr\u00fcdere otomatik olarak y\u00fcklenir ve kar\u0131\u015ft\u0131r\u0131l\u0131r. CO2, plastikle\u015ftirici ve\/veya HFC \u015fi\u015firme maddeleri tutarl\u0131 bir k\u00f6p\u00fck yo\u011funlu\u011fu ve kalitesi sa\u011flamak i\u00e7in k\u00fctle ak\u0131\u015f \u00f6l\u00e7\u00fcml\u00fc, ATEX uyumlu \u00fc\u00e7 kafal\u0131 diyafram pompalar\u0131 kullan\u0131larak hassas bir \u015fekilde \u00f6l\u00e7\u00fcl\u00fcr.<br \/>\n\u0130kincil ekstruder eriyi\u011fi y\u00fcksek bir kar\u0131\u015ft\u0131rma, d\u00fc\u015f\u00fck kesme vidas\u0131 ve s\u0131cakl\u0131k de\u011fi\u015fimini en aza indirmek i\u00e7in motorlu valf kontroll\u00fc su so\u011futmal\u0131 bimetalik ( ikimetalli ) namlu kullan\u0131larak so\u011futur.<br \/>\nStatik bir kar\u0131\u015ft\u0131r\u0131c\u0131 ve homojenle\u015ftirici t\u00fcp ince ayar c\u0131vatalar\u0131na ve teflon k\u0131lavuz pabu\u00e7lara sahip h\u0131zl\u0131 a\u00e7\u0131lan krom kapl\u0131 d\u00fcz XPS kal\u0131b\u0131ndan \u00f6nce konumland\u0131r\u0131lm\u0131\u015ft\u0131r.<br \/>\nS\u0131cakl\u0131k kontroll\u00fc kalibrasyon pleytli tabaka kalibrat\u00f6r\u00fc ve \u00e7ekme; CO2 tabakas\u0131n\u0131n geni\u015fleme bas\u0131n\u00e7lar\u0131na dayanacak \u015fekilde tasarlanm\u0131\u015ft\u0131r ve ar\u0131zaya dayan\u0131kl\u0131 pn\u00f6matik h\u0131zl\u0131 a\u00e7ma mekanizmas\u0131 ile donat\u0131lm\u0131\u015ft\u0131r.<br \/>\nTa\u015f\u0131y\u0131c\u0131 konvey\u00f6rler y\u00fcksek hat h\u0131zlar\u0131n\u0131 kald\u0131rabilen \u00e7ift b\u0131\u00e7akl\u0131 \u00e7apraz kesicimizle uzunlamas\u0131na kesilmeden ve kenarlar haddelenmeden \u00f6nce tabakan\u0131n so\u011fumas\u0131n\u0131 sa\u011flar.<\/p>\n<p>Levha y\u00fczeyi pazar taleplerini kar\u015f\u0131lamak i\u00e7in rendelenebilir veya yivlenebilir ve daha fazla so\u011futulduktan sonra d\u00f6rt kenar\u0131n t\u00fcm\u00fc tekrar d\u00fcz bir y\u00fczeye, lamba z\u0131vana veya yar\u0131 lamba z\u0131vana profiline haddelenebilir.<\/p>\n<p>K\u00f6p\u00fck Yal\u0131t\u0131m Levhas\u0131 Ekstr\u00fczyon Makinesi tam otomatik tabaka dizme ve 6 tarafl\u0131 \u00fcr\u00fcn ambalajlama sa\u011flar. \u00dcr\u00fcn bask\u0131s\u0131, ses yal\u0131t\u0131m\u0131 ve toz emme de sa\u011flanabilir.<\/p>\n\n<table id=\"tablepress-16\" class=\"tablepress tablepress-id-16\">\n<thead>\n<tr class=\"row-1 odd\">\n\t<th class=\"column-1\">MODEL<\/th><th class=\"column-2\">K\u00f6p\u00fck Yal\u0131t\u0131m Levhas\u0131 Ekstr\u00fczyon Makinesi 120150 XPS<\/th><th class=\"column-3\">K\u00f6p\u00fck Yal\u0131t\u0131m Levhas\u0131 Ekstr\u00fczyon Makinesi 150200 XPS<\/th><th class=\"column-4\">K\u00f6p\u00fck Yal\u0131t\u0131m Levhas\u0131 Ekstr\u00fczyon Makinesi 180250 XPS<\/th>\n<\/tr>\n<\/thead>\n<tbody>\n<tr class=\"row-2 even\">\n\t<td class=\"column-1\">Kal\u0131nl\u0131k (mm)<\/td><td class=\"column-2\">20~100<\/td><td class=\"column-3\">25~160<\/td><td class=\"column-4\">30~200<\/td>\n<\/tr>\n<tr class=\"row-3 odd\">\n\t<td class=\"column-1\">Geni\u015flik (mm)<\/td><td class=\"column-2\">600, 900, 1,200<\/td><td class=\"column-3\">600, 900, 1,200<\/td><td class=\"column-4\">600, 900, 1,200<\/td>\n<\/tr>\n<tr class=\"row-4 even\">\n\t<td class=\"column-1\">Uzunluk (mm)<\/td><td class=\"column-2\">1,000~3,000<\/td><td class=\"column-3\">1,000~3,000<\/td><td class=\"column-4\">1,000~3,000<\/td>\n<\/tr>\n<tr class=\"row-5 odd\">\n\t<td class=\"column-1\">Verim (kg \/ saat)<\/td><td class=\"column-2\">300~500<\/td><td class=\"column-3\">500~800<\/td><td class=\"column-4\">800~1,200<\/td>\n<\/tr>\n<tr class=\"row-6 even\">\n\t<td class=\"column-1\">Yo\u011funluk (kg \/ M3)<\/td><td class=\"column-2\">28~40<\/td><td class=\"column-3\">28~40<\/td><td class=\"column-4\">28~40<\/td>\n<\/tr>\n<tr class=\"row-7 odd\">\n\t<td class=\"column-1\">Extruder Tipi<\/td><td class=\"column-2\">Ard\u0131\u015f\u0131k<\/td><td class=\"column-3\">Ard\u0131\u015f\u0131k<\/td><td class=\"column-4\">Ard\u0131\u015f\u0131k<\/td>\n<\/tr>\n<tr class=\"row-8 even\">\n\t<td class=\"column-1\">Vida \u00c7ap\u0131 (mm)<\/td><td class=\"column-2\">120 ve 150<\/td><td class=\"column-3\">150 ve 200<\/td><td class=\"column-4\">180 ve 250<\/td>\n<\/tr>\n<tr class=\"row-9 odd\">\n\t<td class=\"column-1\">L \/ D<\/td><td class=\"column-2\">34\/1 ve 32\/1<\/td><td class=\"column-3\">34\/1 ve 32\/1<\/td><td class=\"column-4\">34\/1 ve 32\/1<\/td>\n<\/tr>\n<tr class=\"row-10 even\">\n\t<td class=\"column-1\">\u015ei\u015firme Eleman\u0131<\/td><td class=\"column-2\">Hidrokarbon, CO2, DME, HCFC, HFC<\/td><td class=\"column-3\">Hidrokarbon, CO2, DME, HCFC, HFC<\/td><td class=\"column-4\">Hidrokarbon, CO2, DME, HCFC, HFC<\/td>\n<\/tr>\n<tr class=\"row-11 odd\">\n\t<td class=\"column-1\">Hareket Sistemi<\/td><td class=\"column-2\">FLENDER \u015fanz\u0131manl\u0131 SIEMENS AC S\u00fcr\u00fcc\u00fc<\/td><td class=\"column-3\">FLENDER \u015fanz\u0131manl\u0131 SIEMENS AC S\u00fcr\u00fcc\u00fc<\/td><td class=\"column-4\">FLENDER \u015fanz\u0131manl\u0131 SIEMENS AC S\u00fcr\u00fcc\u00fc<\/td>\n<\/tr>\n<tr class=\"row-12 even\">\n\t<td class=\"column-1\">Namlu Malzemesi<\/td><td class=\"column-2\">Bimetalik (iki metalli)<\/td><td class=\"column-3\">Bimetalik (iki metalli)<\/td><td class=\"column-4\">Bimetalik (iki metalli)<\/td>\n<\/tr>\n<tr class=\"row-13 odd\">\n\t<td class=\"column-1\">So\u011futma Sistemi<\/td><td class=\"column-2\">Birincil i\u00e7in hava so\u011futma, ikincil i\u00e7in oranl\u0131 motorlu su so\u011futucu<\/td><td class=\"column-3\">Birincil i\u00e7in hava so\u011futma, ikincil i\u00e7in oranl\u0131 motorlu su so\u011futucu<\/td><td class=\"column-4\">Birincil i\u00e7in hava so\u011futma, ikincil i\u00e7in oranl\u0131 motorlu su so\u011futucu<\/td>\n<\/tr>\n<tr class=\"row-14 even\">\n\t<td class=\"column-1\">Kenar Profili<\/td><td class=\"column-2\">Yar\u0131 lamba-z\u0131vana, erkek-di\u015fi ge\u00e7me par\u00e7alar\u0131<\/td><td class=\"column-3\">Yar\u0131 lamba-z\u0131vana, erkek-di\u015fi ge\u00e7me par\u00e7alar\u0131<\/td><td class=\"column-4\">Yar\u0131 lamba-z\u0131vana, erkek-di\u015fi ge\u00e7me par\u00e7alar\u0131<\/td>\n<\/tr>\n<tr class=\"row-15 odd\">\n\t<td class=\"column-1\">Y\u00fczey Olu\u015fumu<\/td><td class=\"column-2\">Oluk, d\u00fczlem, kabartma<\/td><td class=\"column-3\">Oluk, d\u00fczlem, kabartma<\/td><td class=\"column-4\">Oluk, d\u00fczlem, kabartma<\/td>\n<\/tr>\n<tr class=\"row-16 even\">\n\t<td class=\"column-1\">Taban Alan\u0131 (M)<\/td><td class=\"column-2\">80 m (Uzunluk) x 15 m (En) x 6 m (Y\u00fckseklik)<\/td><td class=\"column-3\">100 m (Uzunluk) x 15 m (En) x 8 m (Y\u00fckseklik)<\/td><td class=\"column-4\">120 m (Uzunluk) x 20 m (En) x 8 m (Y\u00fckseklik)<\/td>\n<\/tr>\n<\/tbody>\n<\/table>\n\n","protected":false},"excerpt":{"rendered":"<div style=\"display:none\" class=\"fm-form-container fm-theme3\"><div id=\"fm-pages8\" class=\"fm-pages wdform_page_navigation \" show_title=\"\" show_numbers=\"1\" type=\"none\"><\/div><form name=\"form8\" action=\"\/tr\/wp-json\/wp\/v2\/product\/1766\" method=\"post\" id=\"form8\" class=\"fm-form form8  \" enctype=\"multipart\/form-data\"><input type=\"hidden\" id=\"fm_page_id8\" value=\"1766\" name=\"fm_page_id8\" \/><input type=\"hidden\" id=\"fm_current_post_type8\" value=\"product\" name=\"fm_current_post_type8\" \/><input type=\"hidden\" id=\"counter8\" value=\"5\" name=\"counter8\" \/><input type=\"hidden\" id=\"Itemid8\" value=\"\" name=\"Itemid8\" \/><input type=\"hidden\" id=\"fm_shake8\" value=\"1\" name=\"fm_shake8\" \/><input type=\"text\" class=\"fm-hide\" id=\"fm_empty_field_validation8\" value=\"\" name=\"fm_empty_field_validation8\" data-value=\"bd736efb144d599cf463541431fbf5c4\" \/><div class=\"wdform-page-and-images fm-form-builder\"><div id=\"8form_view1\" class=\"wdform_page\" page_title=\"Untitled page\" next_title=\"Next\" next_type=\"text\" next_class=\"wdform-page-button\" next_checkable=\"true\" previous_title=\"Previous\" previous_type=\"text\" previous_class=\"wdform-page-button\" previous_checkable=\"false\"><div class=\"wdform_section\"><div class=\"wdform_column\"><div wdid=\"3\" class=\"wdform_row\" style=\"position: relative; left: 0px; top: 0px;\"><div type=\"type_text\" class=\"wdform-field wd-width-100 wd-flex wd-flex-column fm-type_text\" ><div class=\"wdform-label-section wd-width-100  wd-flex-row wd-align-items-center\">    <label  for=\"wdform_3_element8\" class=\"wdform-label\">Ad\u0131n\u0131z Soyad\u0131n\u0131z<\/label><span class=\"wdform-required\">*<\/span><\/div><div class=\"wdform-element-section wd-flex  wd-flex-row wd-align-items-center wd-width-100\" ><input type=\"text\"                           class=\"wd-width-100\"                           id=\"wdform_3_element8\"                           name=\"wdform_3_element8\"                           value=\"\"                           data-value=\"\"                           title=\"\"                           placeholder=\"\"                                                       \/><\/div><\/div><\/div><\/div><div class=\"wdform_column\"><div wdid=\"2\" class=\"wdform_row\" style=\"position: relative; left: 0px; top: 0px;\"><div type=\"type_phone_new\" class=\"wdform-field wd-width-100 wd-flex wd-flex-column fm-type_phone_new\" ><div class=\"wdform-label-section wd-width-100 \">    <label  for=\"wdform_2_element8\" class=\"wdform-label\">Telefon Numaran\u0131z<\/label><span class=\"wdform-required\">*<\/span><\/div><div class=\"wdform-element-section wd-flex  wd-width-100\" ><input type=\"text\"                       class=\"wd-width-100\"                       id=\"wdform_2_element8\"                       name=\"wdform_2_element8\"                       value=\"\"                       data-value=\"\"                       placeholder=\"\"  \/><\/div><\/div><\/div><\/div><div class=\"wdform_column\"><div wdid=\"4\" class=\"wdform_row\" style=\"position: relative; left: 0px; top: 0px;\"><div type=\"type_submitter_mail\" class=\"wdform-field wd-width-100 wd-flex wd-flex-column fm-type_submitter_mail\" ><div class=\"wdform-label-section wd-width-100  wd-flex-row\">    <label  for=\"wdform_4_element8\" class=\"wdform-label\">E-mail<\/label><span class=\"wdform-required\">*<\/span><\/div><div class=\"wdform-element-section wd-flex  wd-flex-row wd-width-100\" ><input type=\"text\" class=\"wd-width-100\" id=\"wdform_4_element8\" name=\"wdform_4_element8\" data-value=\"\" value=\"\" title=\"\" placeholder=\"\"   onchange=\"wd_check_email('4', '8', 'Bu ge\u00e7erli bir e-posta adresi de\u011fil.')\" \/><\/div><\/div><\/div><\/div><div class=\"wdform_column\"><div wdid=\"1\" class=\"wdform_row\" style=\"position: relative; left: 0px; top: 0px;\"><div type=\"type_submit_reset\" class=\"wdform-field wd-width-100 wd-flex wd-flex-column fm-type_submit_reset\" ><div class=\"wdform-element-section wd-flex  wd-flex-row wd-justify-content-left wd-width-100\" ><button  type=\"button\" class=\"button-submit\" onclick=\"fm_submit_form('8');\"  data-ajax=\"0\"><span class=\"fm-submit-loading spinner fm-ico-spinner\"><\/span>F\u0130YAT AL<\/button><button  type=\"button\" class=\"button-reset wd-hidden\" onclick=\"fm_reset_form(8);\" >Reset<\/button><\/div><\/div><\/div><\/div><\/div><div valign=\"top\" class=\"wdform_footer wd-width-100\"><div class=\"wd-width-100\"><div class=\"wd-width-100 wd-table\" style=\"padding-top:10px;\"><div class=\"wd-table-group\"><div id=\"8page_nav1\" class=\"wd-table-row\"><\/div><\/div><\/div><\/div><\/div><\/div><\/div><div class=\"wdform_preload\"><\/div><input type=\"hidden\" name=\"fm-current-page\" value=\"https:\/\/www.allplastix.com\/tr\/wp-json\/wp\/v2\/product\/1766\" \/><\/form><\/div>\n","protected":false},"featured_media":1835,"template":"","meta":{"_joinchat":[]},"product_cat":[122],"product_tag":[153,152,147],"class_list":["post-1766","product","type-product","status-publish","has-post-thumbnail","hentry","product_cat-ekstruzyon-makinesi","product_tag-ekstruzyon","product_tag-ekstruzyon-makinasi","product_tag-ekstruzyon-makinesi"],"aioseo_notices":[],"_links":{"self":[{"href":"https:\/\/www.allplastix.com\/tr\/wp-json\/wp\/v2\/product\/1766","targetHints":{"allow":["GET"]}}],"collection":[{"href":"https:\/\/www.allplastix.com\/tr\/wp-json\/wp\/v2\/product"}],"about":[{"href":"https:\/\/www.allplastix.com\/tr\/wp-json\/wp\/v2\/types\/product"}],"wp:featuredmedia":[{"embeddable":true,"href":"https:\/\/www.allplastix.com\/tr\/wp-json\/wp\/v2\/media\/1835"}],"wp:attachment":[{"href":"https:\/\/www.allplastix.com\/tr\/wp-json\/wp\/v2\/media?parent=1766"}],"wp:term":[{"taxonomy":"product_cat","embeddable":true,"href":"https:\/\/www.allplastix.com\/tr\/wp-json\/wp\/v2\/product_cat?post=1766"},{"taxonomy":"product_tag","embeddable":true,"href":"https:\/\/www.allplastix.com\/tr\/wp-json\/wp\/v2\/product_tag?post=1766"}],"curies":[{"name":"wp","href":"https:\/\/api.w.org\/{rel}","templated":true}]}}