{"id":1778,"date":"2020-01-27T13:15:22","date_gmt":"2020-01-27T13:15:22","guid":{"rendered":"https:\/\/www.allplastix.com\/tr\/?post_type=product&#038;p=1778"},"modified":"2022-06-02T18:01:50","modified_gmt":"2022-06-02T15:01:50","slug":"kopuk-bardak-makinesi","status":"publish","type":"product","link":"https:\/\/www.allplastix.com\/tr\/urun\/kopuk-bardak-makinesi\/","title":{"rendered":"K\u00f6p\u00fck Bardak Makinesi"},"content":{"rendered":"<p>Allplastix.com EPS bardaklar\u0131n \u00fcretimi i\u00e7in anahtar teslim \u00e7\u00f6z\u00fcmler sunabilir. \u0130\u015flem, gazla doldurulmu\u015f taneciklerin, \u00e7ok say\u0131da kal\u0131plama makinesi i\u00e7in tanecikler kullan\u0131larak, maksimum 250 kg \/ saat&#8217;lik bir verimle s\u00fcrekli bir \u00f6n geni\u015fletici vas\u0131tas\u0131yla geni\u015fletilmesiyle ba\u015flar. Taneler, bir ak\u0131\u015fkan yatak boyunca havayla kurutulur ve boyut tutarl\u0131l\u0131\u011f\u0131n\u0131 sa\u011flamak i\u00e7in elenir.<\/p>\n<p>Kuru genle\u015fmi\u015f tanecikler, kal\u0131plama makinelerine nakledilmeden \u00f6nce \u00fcfleyici ile depolama \/ ya\u015flanma torbalar\u0131na ta\u015f\u0131n\u0131r.<\/p>\n<p>Sunwell 10 bo\u015fluklu kal\u0131plama makineleri, g\u00fc\u00e7l\u00fc s\u0131k\u0131\u015ft\u0131rma kuvvetleri ve y\u00fcksek verimlilik sa\u011flamak i\u00e7in pn\u00f6matik-mekanik bir ge\u00e7i\u015f sistemi ile yatay olarak hareket eder. Makine ve tak\u0131mlardaki tasar\u0131m iyile\u015ftirmeleri daha h\u0131zl\u0131 \u0131s\u0131tma ve so\u011futma s\u00fcrelerine yol a\u00e7arak buhar ve enerji t\u00fcketimini azaltt\u0131.<\/p>\n<p>Kal\u0131plama makinesi, dokunmatik ekran aray\u00fcz\u00fc ile PLC taraf\u0131ndan kontrol edilir ve daha h\u0131zl\u0131 \u00e7evrim s\u00fcreleri, \u00fcretkenli\u011fi artt\u0131r\u0131r ve zemin alan\u0131 gereksinimlerini azalt\u0131r.<\/p>\n<p>Sunwell, otomatik ve s\u00fcrekli bir ka\u00e7ak tespit sistemi se\u00e7ene\u011fi ile fincan s\u00f6kme ve toplama sistemleri sunar.<\/p>\n<p>4 makineden istif kabul edebilen ve dakikada 25 istifle torba ba\u015f\u0131na 1 ila 3 istif ambalajlayabilen otomatik sayma ve torbalama ekipman\u0131 da sa\u011flanabilir.<\/p>\n\n<table id=\"tablepress-19\" class=\"tablepress tablepress-id-19\">\n<thead>\n<tr class=\"row-1 odd\">\n\t<th class=\"column-1\"><\/th><th class=\"column-2\">K\u00f6p\u00fck Bardak Makinas\u0131<\/th>\n<\/tr>\n<\/thead>\n<tbody>\n<tr class=\"row-2 even\">\n\t<td class=\"column-1\">\u00dcr\u00fcnler<\/td><td class=\"column-2\">Kahve ve \u00e7ay bardaklar\u0131, dondurma ve noodle kaplar\u0131<\/td>\n<\/tr>\n<tr class=\"row-3 odd\">\n\t<td class=\"column-1\">Folyo<\/td><td class=\"column-2\">EPS boncuklar<\/td>\n<\/tr>\n<tr class=\"row-4 even\">\n\t<td class=\"column-1\">\u015eekillendirme Y\u00f6ntemi<\/td><td class=\"column-2\">Buhar bas\u0131nc\u0131 \/ enjeksiyon<\/td>\n<\/tr>\n<tr class=\"row-5 odd\">\n\t<td class=\"column-1\">Kal\u0131p G\u00f6z Adedi<\/td><td class=\"column-2\">8 - 10<\/td>\n<\/tr>\n<tr class=\"row-6 even\">\n\t<td class=\"column-1\">Bardak Yo\u011funlu\u011fu<\/td><td class=\"column-2\">0,045 - 0,1 g\/cm3<\/td>\n<\/tr>\n<tr class=\"row-7 odd\">\n\t<td class=\"column-1\">Plaka Hareketi<\/td><td class=\"column-2\">Yatay<\/td>\n<\/tr>\n<tr class=\"row-8 even\">\n\t<td class=\"column-1\">S\u00fcr\u00fcc\u00fc<\/td><td class=\"column-2\">Pn\u00f6matik Mafsal Sistemi<\/td>\n<\/tr>\n<tr class=\"row-9 odd\">\n\t<td class=\"column-1\">\u00dcr\u00fcn Y\u00fcksekli\u011fi<\/td><td class=\"column-2\">44 - 220 mm<\/td>\n<\/tr>\n<tr class=\"row-10 even\">\n\t<td class=\"column-1\">\u00dcr\u00fcn \u00c7ap\u0131<\/td><td class=\"column-2\">65 - 150 mm<\/td>\n<\/tr>\n<tr class=\"row-11 odd\">\n\t<td class=\"column-1\">Valf<\/td><td class=\"column-2\">GEMU, SCHUBERT, SALZER<\/td>\n<\/tr>\n<tr class=\"row-12 even\">\n\t<td class=\"column-1\">Kontrol Sistemi<\/td><td class=\"column-2\">Dokunmatik ekran kontroll\u00fc PLC<\/td>\n<\/tr>\n<tr class=\"row-13 odd\">\n\t<td class=\"column-1\">Bardak \u00dcretimi<\/td><td class=\"column-2\">Her bir makine i\u00e7in 2500 - 5000 adet\/saat<\/td>\n<\/tr>\n<tr class=\"row-14 even\">\n\t<td class=\"column-1\">Elektrik T\u00fcketimi<\/td><td class=\"column-2\">10 - 15 kW<\/td>\n<\/tr>\n<tr class=\"row-15 odd\">\n\t<td class=\"column-1\">Buhar T\u00fcketimi<\/td><td class=\"column-2\">150 - 200 kg\/saat, 8 bar<\/td>\n<\/tr>\n<tr class=\"row-16 even\">\n\t<td class=\"column-1\">Hava T\u00fcketimi<\/td><td class=\"column-2\">1 M3\/dk., 7 bar<\/td>\n<\/tr>\n<tr class=\"row-17 odd\">\n\t<td class=\"column-1\">So\u011futma Kapasitesi<\/td><td class=\"column-2\">Her bir makine i\u00e7in 500 kW<\/td>\n<\/tr>\n<tr class=\"row-18 even\">\n\t<td class=\"column-1\">Gerekli Alan<\/td><td class=\"column-2\">1000 m2<\/td>\n<\/tr>\n<\/tbody>\n<\/table>\n\n","protected":false},"excerpt":{"rendered":"<div style=\"display:none\" class=\"fm-form-container fm-theme3\"><div id=\"fm-pages8\" class=\"fm-pages wdform_page_navigation \" show_title=\"\" show_numbers=\"1\" type=\"none\"><\/div><form name=\"form8\" action=\"\/tr\/wp-json\/wp\/v2\/product\/1778\" method=\"post\" id=\"form8\" class=\"fm-form form8  \" enctype=\"multipart\/form-data\"><input type=\"hidden\" id=\"fm_page_id8\" value=\"1778\" name=\"fm_page_id8\" \/><input type=\"hidden\" id=\"fm_current_post_type8\" value=\"product\" name=\"fm_current_post_type8\" \/><input type=\"hidden\" id=\"counter8\" value=\"5\" name=\"counter8\" \/><input type=\"hidden\" id=\"Itemid8\" value=\"\" name=\"Itemid8\" \/><input type=\"hidden\" id=\"fm_shake8\" value=\"1\" name=\"fm_shake8\" \/><input type=\"text\" class=\"fm-hide\" id=\"fm_empty_field_validation8\" value=\"\" name=\"fm_empty_field_validation8\" data-value=\"bd736efb144d599cf463541431fbf5c4\" \/><div class=\"wdform-page-and-images fm-form-builder\"><div id=\"8form_view1\" class=\"wdform_page\" page_title=\"Untitled page\" next_title=\"Next\" next_type=\"text\" next_class=\"wdform-page-button\" next_checkable=\"true\" previous_title=\"Previous\" previous_type=\"text\" previous_class=\"wdform-page-button\" previous_checkable=\"false\"><div class=\"wdform_section\"><div class=\"wdform_column\"><div wdid=\"3\" class=\"wdform_row\" style=\"position: relative; left: 0px; top: 0px;\"><div type=\"type_text\" class=\"wdform-field wd-width-100 wd-flex wd-flex-column fm-type_text\" ><div class=\"wdform-label-section wd-width-100  wd-flex-row wd-align-items-center\">    <label  for=\"wdform_3_element8\" class=\"wdform-label\">Ad\u0131n\u0131z Soyad\u0131n\u0131z<\/label><span class=\"wdform-required\">*<\/span><\/div><div class=\"wdform-element-section wd-flex  wd-flex-row wd-align-items-center wd-width-100\" ><input type=\"text\"                           class=\"wd-width-100\"                           id=\"wdform_3_element8\"                           name=\"wdform_3_element8\"                           value=\"\"                           data-value=\"\"                           title=\"\"                           placeholder=\"\"                                                       \/><\/div><\/div><\/div><\/div><div class=\"wdform_column\"><div wdid=\"2\" class=\"wdform_row\" style=\"position: relative; left: 0px; top: 0px;\"><div type=\"type_phone_new\" class=\"wdform-field wd-width-100 wd-flex wd-flex-column fm-type_phone_new\" ><div class=\"wdform-label-section wd-width-100 \">    <label  for=\"wdform_2_element8\" class=\"wdform-label\">Telefon Numaran\u0131z<\/label><span class=\"wdform-required\">*<\/span><\/div><div class=\"wdform-element-section wd-flex  wd-width-100\" ><input type=\"text\"                       class=\"wd-width-100\"                       id=\"wdform_2_element8\"                       name=\"wdform_2_element8\"                       value=\"\"                       data-value=\"\"                       placeholder=\"\"  \/><\/div><\/div><\/div><\/div><div class=\"wdform_column\"><div wdid=\"4\" class=\"wdform_row\" style=\"position: relative; left: 0px; top: 0px;\"><div type=\"type_submitter_mail\" class=\"wdform-field wd-width-100 wd-flex wd-flex-column fm-type_submitter_mail\" ><div class=\"wdform-label-section wd-width-100  wd-flex-row\">    <label  for=\"wdform_4_element8\" class=\"wdform-label\">E-mail<\/label><span class=\"wdform-required\">*<\/span><\/div><div class=\"wdform-element-section wd-flex  wd-flex-row wd-width-100\" ><input type=\"text\" class=\"wd-width-100\" id=\"wdform_4_element8\" name=\"wdform_4_element8\" data-value=\"\" value=\"\" title=\"\" placeholder=\"\"   onchange=\"wd_check_email('4', '8', 'Bu ge\u00e7erli bir e-posta adresi de\u011fil.')\" \/><\/div><\/div><\/div><\/div><div class=\"wdform_column\"><div wdid=\"1\" class=\"wdform_row\" style=\"position: relative; left: 0px; top: 0px;\"><div type=\"type_submit_reset\" class=\"wdform-field wd-width-100 wd-flex wd-flex-column fm-type_submit_reset\" ><div class=\"wdform-element-section wd-flex  wd-flex-row wd-justify-content-left wd-width-100\" ><button  type=\"button\" class=\"button-submit\" onclick=\"fm_submit_form('8');\"  data-ajax=\"0\"><span class=\"fm-submit-loading spinner fm-ico-spinner\"><\/span>F\u0130YAT AL<\/button><button  type=\"button\" class=\"button-reset wd-hidden\" onclick=\"fm_reset_form(8);\" >Reset<\/button><\/div><\/div><\/div><\/div><\/div><div valign=\"top\" class=\"wdform_footer wd-width-100\"><div class=\"wd-width-100\"><div class=\"wd-width-100 wd-table\" style=\"padding-top:10px;\"><div class=\"wd-table-group\"><div id=\"8page_nav1\" class=\"wd-table-row\"><\/div><\/div><\/div><\/div><\/div><\/div><\/div><div class=\"wdform_preload\"><\/div><input type=\"hidden\" name=\"fm-current-page\" value=\"https:\/\/www.allplastix.com\/tr\/wp-json\/wp\/v2\/product\/1778\" \/><\/form><\/div>\n","protected":false},"featured_media":1779,"template":"","meta":{"_joinchat":[]},"product_cat":[159],"product_tag":[162,163,165,164,166,167],"class_list":["post-1778","product","type-product","status-publish","has-post-thumbnail","hentry","product_cat-bardak-makinesi","product_tag-bardak-makinasi","product_tag-bardak-makinesi","product_tag-kopuk-bardak-makinasi","product_tag-kopuk-bardak-makinesi","product_tag-plastik-bardak-makinasi","product_tag-plastik-bardak-makinesi"],"aioseo_notices":[],"_links":{"self":[{"href":"https:\/\/www.allplastix.com\/tr\/wp-json\/wp\/v2\/product\/1778","targetHints":{"allow":["GET"]}}],"collection":[{"href":"https:\/\/www.allplastix.com\/tr\/wp-json\/wp\/v2\/product"}],"about":[{"href":"https:\/\/www.allplastix.com\/tr\/wp-json\/wp\/v2\/types\/product"}],"wp:featuredmedia":[{"embeddable":true,"href":"https:\/\/www.allplastix.com\/tr\/wp-json\/wp\/v2\/media\/1779"}],"wp:attachment":[{"href":"https:\/\/www.allplastix.com\/tr\/wp-json\/wp\/v2\/media?parent=1778"}],"wp:term":[{"taxonomy":"product_cat","embeddable":true,"href":"https:\/\/www.allplastix.com\/tr\/wp-json\/wp\/v2\/product_cat?post=1778"},{"taxonomy":"product_tag","embeddable":true,"href":"https:\/\/www.allplastix.com\/tr\/wp-json\/wp\/v2\/product_tag?post=1778"}],"curies":[{"name":"wp","href":"https:\/\/api.w.org\/{rel}","templated":true}]}}