{"id":1825,"date":"2020-01-27T15:20:52","date_gmt":"2020-01-27T15:20:52","guid":{"rendered":"https:\/\/www.allplastix.com\/tr\/?post_type=product&#038;p=1825"},"modified":"2022-06-01T14:53:54","modified_gmt":"2022-06-01T11:53:54","slug":"termoform-kalibi","status":"publish","type":"product","link":"https:\/\/www.allplastix.com\/tr\/urun\/termoform-kalibi\/","title":{"rendered":"Termoform Kal\u0131b\u0131"},"content":{"rendered":"<p><img loading=\"lazy\" decoding=\"async\" class=\"alignleft wp-image-1955\" src=\"https:\/\/www.allplastix.com\/tr\/wp-content\/uploads\/2020\/01\/Open-Punnet-3-375x500.jpeg\" alt=\"\" width=\"225\" height=\"300\" \/>D\u0131\u015f b\u00fckey y\u00fczeyli \u0131s\u0131yla \u015fekillendirme kal\u0131plar\u0131 erkek veya pozitif kal\u0131p, i\u00e7 b\u00fckeyli bo\u015fluk y\u00fczeyleri di\u015fi veya negatif kal\u0131plar olarak adland\u0131r\u0131l\u0131r. Y\u00fcksek hacimli \u00fcretim i\u00e7in kal\u0131plar al\u00fcminyumdan yap\u0131lmal\u0131d\u0131r. Al\u00fcminyum kal\u0131plar daha iyi so\u011futma i\u00e7in su kanallar\u0131 i\u00e7erir. So\u011futma oran\u0131 ve s\u0131cakl\u0131k kontrol\u00fc, \u0131s\u0131yla \u015fekillendirilmi\u015f par\u00e7an\u0131n b\u00fcz\u00fclmesini ve di\u011fer kriterlerini etkiler.<\/p>\n<p style=\"text-align: left;\">Kal\u0131p i\u00e7indeki par\u00e7ay\u0131 olu\u015fturmak i\u00e7in gereken kuvvet vakum (negatif bas\u0131n\u00e7), pozitif hava bas\u0131nc\u0131 veya her ikisinin bir kombinasyonu olabilir. Kullan\u0131lan kuvvet t\u00fcrleri malzeme tipine, boyutuna ve kal\u0131nl\u0131\u011f\u0131na, kal\u0131p malzemesine ve tasar\u0131m\u0131na, \u00fcr\u00fcn esteti\u011fine, nihai \u00fcr\u00fcn boyutuna ve y\u0131ll\u0131k \u00fcretim hacmine ba\u011fl\u0131d\u0131r.<\/p>\n<p>&nbsp;<\/p>\n<p>&nbsp;<\/p>\n<p>&nbsp;<\/p>\n<p>&nbsp;<\/p>\n<p>&nbsp;<\/p>\n<p><strong><img loading=\"lazy\" decoding=\"async\" class=\"wp-image-1282 alignleft\" src=\"https:\/\/www.allplastix.com\/wp-content\/uploads\/2020\/01\/2-300x114.png\" alt=\"\" width=\"284\" height=\"108\" \/>Insert (kal\u0131p g\u00f6z\u00fc):<\/strong><\/p>\n<p style=\"text-align: left;\">Gerekirse m\u00fc\u015fterilerimize de\u011fi\u015ftirilebilir insert sunuyoruz.<\/p>\n<p style=\"text-align: left;\">&#8211; Bu de\u011fi\u015ftirilebilir insertle daha az zaman ve i\u015f g\u00fcc\u00fc harcars\u0131n\u0131z.<br \/>\n&#8211; Insert, ayn\u0131 kal\u0131p seti ile farkl\u0131 folyo ve boyutta \u00fcretim yapman\u0131z\u0131 sa\u011flar.<br \/>\n&#8211; B\u00f6ylece \u00e7ok say\u0131da farkl\u0131 \u00fcr\u00fcn alabilirsiniz.<\/p>\n<p>&nbsp;<\/p>\n<p><strong><img loading=\"lazy\" decoding=\"async\" class=\" wp-image-1828 alignleft\" src=\"https:\/\/www.allplastix.com\/tr\/wp-content\/uploads\/2020\/01\/3-500x394.jpg\" alt=\"\" width=\"255\" height=\"224\" \/>M\u0131knat\u0131s:<\/strong><\/p>\n<p>Kli\u015fenizi tabana monte edilmi\u015f m\u0131knat\u0131s \u00fczerinde tasarlayabilirsiniz. Gerekirse m\u00fc\u015fterilerimize de\u011fi\u015ftirilebilir m\u0131knat\u0131s sunuyoruz.<\/p>\n<p>&nbsp;<\/p>\n<p>&nbsp;<\/p>\n<p>&nbsp;<\/p>\n<p>&nbsp;<\/p>\n<p>&nbsp;<\/p>\n<p>&nbsp;<\/p>\n","protected":false},"excerpt":{"rendered":"<div style=\"display:none\" class=\"fm-form-container fm-theme3\"><div id=\"fm-pages8\" class=\"fm-pages wdform_page_navigation \" show_title=\"\" show_numbers=\"1\" type=\"none\"><\/div><form name=\"form8\" action=\"\/tr\/wp-json\/wp\/v2\/product\/1825\" method=\"post\" id=\"form8\" class=\"fm-form form8  \" enctype=\"multipart\/form-data\"><input type=\"hidden\" id=\"fm_page_id8\" value=\"1825\" name=\"fm_page_id8\" \/><input type=\"hidden\" id=\"fm_current_post_type8\" value=\"product\" name=\"fm_current_post_type8\" \/><input type=\"hidden\" id=\"counter8\" value=\"5\" name=\"counter8\" \/><input type=\"hidden\" id=\"Itemid8\" value=\"\" name=\"Itemid8\" \/><input type=\"hidden\" id=\"fm_shake8\" value=\"1\" name=\"fm_shake8\" \/><input type=\"text\" class=\"fm-hide\" id=\"fm_empty_field_validation8\" value=\"\" name=\"fm_empty_field_validation8\" data-value=\"bd736efb144d599cf463541431fbf5c4\" \/><div class=\"wdform-page-and-images fm-form-builder\"><div id=\"8form_view1\" class=\"wdform_page\" page_title=\"Untitled page\" next_title=\"Next\" next_type=\"text\" next_class=\"wdform-page-button\" next_checkable=\"true\" previous_title=\"Previous\" previous_type=\"text\" previous_class=\"wdform-page-button\" previous_checkable=\"false\"><div class=\"wdform_section\"><div class=\"wdform_column\"><div wdid=\"3\" class=\"wdform_row\" style=\"position: relative; left: 0px; top: 0px;\"><div type=\"type_text\" class=\"wdform-field wd-width-100 wd-flex wd-flex-column fm-type_text\" ><div class=\"wdform-label-section wd-width-100  wd-flex-row wd-align-items-center\">    <label  for=\"wdform_3_element8\" class=\"wdform-label\">Ad\u0131n\u0131z Soyad\u0131n\u0131z<\/label><span class=\"wdform-required\">*<\/span><\/div><div class=\"wdform-element-section wd-flex  wd-flex-row wd-align-items-center wd-width-100\" ><input type=\"text\"                           class=\"wd-width-100\"                           id=\"wdform_3_element8\"                           name=\"wdform_3_element8\"                           value=\"\"                           data-value=\"\"                           title=\"\"                           placeholder=\"\"                                                       \/><\/div><\/div><\/div><\/div><div class=\"wdform_column\"><div wdid=\"2\" class=\"wdform_row\" style=\"position: relative; left: 0px; top: 0px;\"><div type=\"type_phone_new\" class=\"wdform-field wd-width-100 wd-flex wd-flex-column fm-type_phone_new\" ><div class=\"wdform-label-section wd-width-100 \">    <label  for=\"wdform_2_element8\" class=\"wdform-label\">Telefon Numaran\u0131z<\/label><span class=\"wdform-required\">*<\/span><\/div><div class=\"wdform-element-section wd-flex  wd-width-100\" ><input type=\"text\"                       class=\"wd-width-100\"                       id=\"wdform_2_element8\"                       name=\"wdform_2_element8\"                       value=\"\"                       data-value=\"\"                       placeholder=\"\"  \/><\/div><\/div><\/div><\/div><div class=\"wdform_column\"><div wdid=\"4\" class=\"wdform_row\" style=\"position: relative; left: 0px; top: 0px;\"><div type=\"type_submitter_mail\" class=\"wdform-field wd-width-100 wd-flex wd-flex-column fm-type_submitter_mail\" ><div class=\"wdform-label-section wd-width-100  wd-flex-row\">    <label  for=\"wdform_4_element8\" class=\"wdform-label\">E-mail<\/label><span class=\"wdform-required\">*<\/span><\/div><div class=\"wdform-element-section wd-flex  wd-flex-row wd-width-100\" ><input type=\"text\" class=\"wd-width-100\" id=\"wdform_4_element8\" name=\"wdform_4_element8\" data-value=\"\" value=\"\" title=\"\" placeholder=\"\"   onchange=\"wd_check_email('4', '8', 'Bu ge\u00e7erli bir e-posta adresi de\u011fil.')\" \/><\/div><\/div><\/div><\/div><div class=\"wdform_column\"><div wdid=\"1\" class=\"wdform_row\" style=\"position: relative; left: 0px; top: 0px;\"><div type=\"type_submit_reset\" class=\"wdform-field wd-width-100 wd-flex wd-flex-column fm-type_submit_reset\" ><div class=\"wdform-element-section wd-flex  wd-flex-row wd-justify-content-left wd-width-100\" ><button  type=\"button\" class=\"button-submit\" onclick=\"fm_submit_form('8');\"  data-ajax=\"0\"><span class=\"fm-submit-loading spinner fm-ico-spinner\"><\/span>F\u0130YAT AL<\/button><button  type=\"button\" class=\"button-reset wd-hidden\" onclick=\"fm_reset_form(8);\" >Reset<\/button><\/div><\/div><\/div><\/div><\/div><div valign=\"top\" class=\"wdform_footer wd-width-100\"><div class=\"wd-width-100\"><div class=\"wd-width-100 wd-table\" style=\"padding-top:10px;\"><div class=\"wd-table-group\"><div id=\"8page_nav1\" class=\"wd-table-row\"><\/div><\/div><\/div><\/div><\/div><\/div><\/div><div class=\"wdform_preload\"><\/div><input type=\"hidden\" name=\"fm-current-page\" value=\"https:\/\/www.allplastix.com\/tr\/wp-json\/wp\/v2\/product\/1825\" \/><\/form><\/div>\n","protected":false},"featured_media":1956,"template":"","meta":{"_joinchat":[]},"product_cat":[124],"product_tag":[168,169,134,138],"class_list":["post-1825","product","type-product","status-publish","has-post-thumbnail","hentry","product_cat-kalip","product_tag-termoform-kalibi","product_tag-termoform-kalip","product_tag-termoform-makinasi","product_tag-termoform-makinesi"],"aioseo_notices":[],"_links":{"self":[{"href":"https:\/\/www.allplastix.com\/tr\/wp-json\/wp\/v2\/product\/1825","targetHints":{"allow":["GET"]}}],"collection":[{"href":"https:\/\/www.allplastix.com\/tr\/wp-json\/wp\/v2\/product"}],"about":[{"href":"https:\/\/www.allplastix.com\/tr\/wp-json\/wp\/v2\/types\/product"}],"wp:featuredmedia":[{"embeddable":true,"href":"https:\/\/www.allplastix.com\/tr\/wp-json\/wp\/v2\/media\/1956"}],"wp:attachment":[{"href":"https:\/\/www.allplastix.com\/tr\/wp-json\/wp\/v2\/media?parent=1825"}],"wp:term":[{"taxonomy":"product_cat","embeddable":true,"href":"https:\/\/www.allplastix.com\/tr\/wp-json\/wp\/v2\/product_cat?post=1825"},{"taxonomy":"product_tag","embeddable":true,"href":"https:\/\/www.allplastix.com\/tr\/wp-json\/wp\/v2\/product_tag?post=1825"}],"curies":[{"name":"wp","href":"https:\/\/api.w.org\/{rel}","templated":true}]}}