{"id":1937,"date":"2020-03-31T09:34:13","date_gmt":"2020-03-31T09:34:13","guid":{"rendered":"https:\/\/www.allplastix.com\/tr\/?post_type=product&#038;p=1937"},"modified":"2022-04-11T10:41:28","modified_gmt":"2022-04-11T07:41:28","slug":"welex-ekstruzyon-makinesi-2005-600kgs-950mm-apet-pp","status":"publish","type":"product","link":"https:\/\/www.allplastix.com\/tr\/urun\/welex-ekstruzyon-makinesi-2005-600kgs-950mm-apet-pp\/","title":{"rendered":"Welex Ekstr\u00fczyon Makinesi 2005, 600kgs, 950mm, APET, PP"},"content":{"rendered":"<p>\u2013 Marka : Welex<\/p>\n<p>\u2013 Ekstruder 5 \u201d30: 1<\/p>\n<p>\u2013 Y\u0131l : 2005<\/p>\n<p>\u2013 Teslim s\u00fcresi : Hemen<\/p>\n<p>\u2013 Durum : M\u00fckemmel<\/p>\n<p>\u2013 \u00dcretimde : Evet<\/p>\n<p>\u2013 G\u00fcncel Saatlik \u00dcretim : 600 kg \/ saat<\/p>\n<p>\u2013 Malzeme : APET, PP<\/p>\n<p>\u2013 Folyo Geni\u015fli\u011fi (mm): 950 mm<\/p>\n<p>\u2013 380V 60HZ<\/p>\n<p>\u2013 12 \u201d\u00fcst rulo 24\u201d orta ve alt<\/p>\n<p><iframe loading=\"lazy\" src=\"https:\/\/www.youtube.com\/embed\/zTuvxf8dTek\" width=\"560\" height=\"315\" frameborder=\"0\" allowfullscreen=\"allowfullscreen\"><\/iframe><\/p>\n","protected":false},"excerpt":{"rendered":"<div style=\"display:none\" class=\"fm-form-container fm-theme3\"><div id=\"fm-pages8\" class=\"fm-pages wdform_page_navigation \" show_title=\"\" show_numbers=\"1\" type=\"none\"><\/div><form name=\"form8\" action=\"\/tr\/wp-json\/wp\/v2\/product\/1937\" method=\"post\" id=\"form8\" class=\"fm-form form8  \" enctype=\"multipart\/form-data\"><input type=\"hidden\" id=\"fm_page_id8\" value=\"1937\" name=\"fm_page_id8\" \/><input type=\"hidden\" id=\"fm_current_post_type8\" value=\"product\" name=\"fm_current_post_type8\" \/><input type=\"hidden\" id=\"counter8\" value=\"5\" name=\"counter8\" \/><input type=\"hidden\" id=\"Itemid8\" value=\"\" name=\"Itemid8\" \/><input type=\"hidden\" id=\"fm_shake8\" value=\"1\" name=\"fm_shake8\" \/><input type=\"text\" class=\"fm-hide\" id=\"fm_empty_field_validation8\" value=\"\" name=\"fm_empty_field_validation8\" data-value=\"bd736efb144d599cf463541431fbf5c4\" \/><div class=\"wdform-page-and-images fm-form-builder\"><div id=\"8form_view1\" class=\"wdform_page\" page_title=\"Untitled page\" next_title=\"Next\" next_type=\"text\" next_class=\"wdform-page-button\" next_checkable=\"true\" previous_title=\"Previous\" previous_type=\"text\" previous_class=\"wdform-page-button\" previous_checkable=\"false\"><div class=\"wdform_section\"><div class=\"wdform_column\"><div wdid=\"3\" class=\"wdform_row\" style=\"position: relative; left: 0px; top: 0px;\"><div type=\"type_text\" class=\"wdform-field wd-width-100 wd-flex wd-flex-column fm-type_text\" ><div class=\"wdform-label-section wd-width-100  wd-flex-row wd-align-items-center\">    <label  for=\"wdform_3_element8\" class=\"wdform-label\">Ad\u0131n\u0131z Soyad\u0131n\u0131z<\/label><span class=\"wdform-required\">*<\/span><\/div><div class=\"wdform-element-section wd-flex  wd-flex-row wd-align-items-center wd-width-100\" ><input type=\"text\"                           class=\"wd-width-100\"                           id=\"wdform_3_element8\"                           name=\"wdform_3_element8\"                           value=\"\"                           data-value=\"\"                           title=\"\"                           placeholder=\"\"                                                       \/><\/div><\/div><\/div><\/div><div class=\"wdform_column\"><div wdid=\"2\" class=\"wdform_row\" style=\"position: relative; left: 0px; top: 0px;\"><div type=\"type_phone_new\" class=\"wdform-field wd-width-100 wd-flex wd-flex-column fm-type_phone_new\" ><div class=\"wdform-label-section wd-width-100 \">    <label  for=\"wdform_2_element8\" class=\"wdform-label\">Telefon Numaran\u0131z<\/label><span class=\"wdform-required\">*<\/span><\/div><div class=\"wdform-element-section wd-flex  wd-width-100\" ><input type=\"text\"                       class=\"wd-width-100\"                       id=\"wdform_2_element8\"                       name=\"wdform_2_element8\"                       value=\"\"                       data-value=\"\"                       placeholder=\"\"  \/><\/div><\/div><\/div><\/div><div class=\"wdform_column\"><div wdid=\"4\" class=\"wdform_row\" style=\"position: relative; left: 0px; top: 0px;\"><div type=\"type_submitter_mail\" class=\"wdform-field wd-width-100 wd-flex wd-flex-column fm-type_submitter_mail\" ><div class=\"wdform-label-section wd-width-100  wd-flex-row\">    <label  for=\"wdform_4_element8\" class=\"wdform-label\">E-mail<\/label><span class=\"wdform-required\">*<\/span><\/div><div class=\"wdform-element-section wd-flex  wd-flex-row wd-width-100\" ><input type=\"text\" class=\"wd-width-100\" id=\"wdform_4_element8\" name=\"wdform_4_element8\" data-value=\"\" value=\"\" title=\"\" placeholder=\"\"   onchange=\"wd_check_email('4', '8', 'Bu ge\u00e7erli bir e-posta adresi de\u011fil.')\" \/><\/div><\/div><\/div><\/div><div class=\"wdform_column\"><div wdid=\"1\" class=\"wdform_row\" style=\"position: relative; left: 0px; top: 0px;\"><div type=\"type_submit_reset\" class=\"wdform-field wd-width-100 wd-flex wd-flex-column fm-type_submit_reset\" ><div class=\"wdform-element-section wd-flex  wd-flex-row wd-justify-content-left wd-width-100\" ><button  type=\"button\" class=\"button-submit\" onclick=\"fm_submit_form('8');\"  data-ajax=\"0\"><span class=\"fm-submit-loading spinner fm-ico-spinner\"><\/span>F\u0130YAT AL<\/button><button  type=\"button\" class=\"button-reset wd-hidden\" onclick=\"fm_reset_form(8);\" >Reset<\/button><\/div><\/div><\/div><\/div><\/div><div valign=\"top\" class=\"wdform_footer wd-width-100\"><div class=\"wd-width-100\"><div class=\"wd-width-100 wd-table\" style=\"padding-top:10px;\"><div class=\"wd-table-group\"><div id=\"8page_nav1\" class=\"wd-table-row\"><\/div><\/div><\/div><\/div><\/div><\/div><\/div><div class=\"wdform_preload\"><\/div><input type=\"hidden\" name=\"fm-current-page\" value=\"https:\/\/www.allplastix.com\/tr\/wp-json\/wp\/v2\/product\/1937\" \/><\/form><\/div>\n","protected":false},"featured_media":1934,"template":"","meta":{"_joinchat":[]},"product_cat":[172],"product_tag":[173,153,152,147,146],"class_list":["post-1937","product","type-product","status-publish","has-post-thumbnail","hentry","product_cat-ekstruzyon-makinesi-ikinci-el-makine","product_tag-ekstruder","product_tag-ekstruzyon","product_tag-ekstruzyon-makinasi","product_tag-ekstruzyon-makinesi","product_tag-plastik-levha-ekstruzyon-makinesi"],"aioseo_notices":[],"_links":{"self":[{"href":"https:\/\/www.allplastix.com\/tr\/wp-json\/wp\/v2\/product\/1937","targetHints":{"allow":["GET"]}}],"collection":[{"href":"https:\/\/www.allplastix.com\/tr\/wp-json\/wp\/v2\/product"}],"about":[{"href":"https:\/\/www.allplastix.com\/tr\/wp-json\/wp\/v2\/types\/product"}],"wp:featuredmedia":[{"embeddable":true,"href":"https:\/\/www.allplastix.com\/tr\/wp-json\/wp\/v2\/media\/1934"}],"wp:attachment":[{"href":"https:\/\/www.allplastix.com\/tr\/wp-json\/wp\/v2\/media?parent=1937"}],"wp:term":[{"taxonomy":"product_cat","embeddable":true,"href":"https:\/\/www.allplastix.com\/tr\/wp-json\/wp\/v2\/product_cat?post=1937"},{"taxonomy":"product_tag","embeddable":true,"href":"https:\/\/www.allplastix.com\/tr\/wp-json\/wp\/v2\/product_tag?post=1937"}],"curies":[{"name":"wp","href":"https:\/\/api.w.org\/{rel}","templated":true}]}}