{"id":1939,"date":"2020-04-01T07:08:14","date_gmt":"2020-04-01T07:08:14","guid":{"rendered":"https:\/\/www.allplastix.com\/tr\/?post_type=product&#038;p=1939"},"modified":"2021-03-23T00:31:54","modified_gmt":"2021-03-23T00:31:54","slug":"tft-fc780-termoform-makinasi-2006","status":"publish","type":"product","link":"https:\/\/www.allplastix.com\/tr\/urun\/tft-fc780-termoform-makinasi-2006\/","title":{"rendered":"TFT FC780 Termoform Makinas\u0131 2006"},"content":{"rendered":"<p>&#8211; Marka : <strong>TFT<\/strong><\/p>\n<p>&#8211; Model : <strong>FC 780<\/strong><\/p>\n<p>&#8211; Y\u0131l\u0131: <strong>2006<\/strong><\/p>\n<p>&#8211; Formlama Alan\u0131 : <strong>780&#215;570 mm<\/strong><\/p>\n<p>&#8211; Alt ve \u00fcst \u0131s\u0131t\u0131c\u0131<\/p>\n<p>&#8211; 3 \u0130stasyon, formlama, kesme ve dizme<\/p>\n<p>&#8211; Komple Servo<\/p>\n<p>&#8211; Teslim s\u00fcresi : <strong>Hemen<\/strong><\/p>\n<p>&#8211; Durumu : <strong>M\u00fckemmel<\/strong><\/p>\n<p>&#8211; \u00dcretimde : <strong>Evet<\/strong><\/p>\n<p>&#8211; Folyo geni\u015fli\u011fi (mm) : <strong>810mm<\/strong><\/p>\n<p>&#8211; Derinlik: <strong>130<\/strong><\/p>\n<p>&#8211; Grup : <strong>Otomatik bas\u0131n\u00e7l\u0131 formlama, dizme \u00fcnitesi<\/strong><\/p>\n<p><iframe loading=\"lazy\" src=\"https:\/\/www.youtube.com\/embed\/OnOuXsfz_Uc\" width=\"560\" height=\"315\" frameborder=\"0\" allowfullscreen=\"allowfullscreen\"><\/iframe><\/p>\n","protected":false},"excerpt":{"rendered":"<div style=\"display:none\" class=\"fm-form-container fm-theme3\"><div id=\"fm-pages8\" class=\"fm-pages wdform_page_navigation \" show_title=\"\" show_numbers=\"1\" type=\"none\"><\/div><form name=\"form8\" action=\"\/tr\/wp-json\/wp\/v2\/product\/1939\" method=\"post\" id=\"form8\" class=\"fm-form form8  \" enctype=\"multipart\/form-data\"><input type=\"hidden\" id=\"fm_page_id8\" value=\"1939\" name=\"fm_page_id8\" \/><input type=\"hidden\" id=\"fm_current_post_type8\" value=\"product\" name=\"fm_current_post_type8\" \/><input type=\"hidden\" id=\"counter8\" value=\"5\" name=\"counter8\" \/><input type=\"hidden\" id=\"Itemid8\" value=\"\" name=\"Itemid8\" \/><input type=\"hidden\" id=\"fm_shake8\" value=\"1\" name=\"fm_shake8\" \/><input type=\"text\" class=\"fm-hide\" id=\"fm_empty_field_validation8\" value=\"\" name=\"fm_empty_field_validation8\" data-value=\"bd736efb144d599cf463541431fbf5c4\" \/><div class=\"wdform-page-and-images fm-form-builder\"><div id=\"8form_view1\" class=\"wdform_page\" page_title=\"Untitled page\" next_title=\"Next\" next_type=\"text\" next_class=\"wdform-page-button\" next_checkable=\"true\" previous_title=\"Previous\" previous_type=\"text\" previous_class=\"wdform-page-button\" previous_checkable=\"false\"><div class=\"wdform_section\"><div class=\"wdform_column\"><div wdid=\"3\" class=\"wdform_row\" style=\"position: relative; left: 0px; top: 0px;\"><div type=\"type_text\" class=\"wdform-field wd-width-100 wd-flex wd-flex-column fm-type_text\" ><div class=\"wdform-label-section wd-width-100  wd-flex-row wd-align-items-center\">    <label  for=\"wdform_3_element8\" class=\"wdform-label\">Ad\u0131n\u0131z Soyad\u0131n\u0131z<\/label><span class=\"wdform-required\">*<\/span><\/div><div class=\"wdform-element-section wd-flex  wd-flex-row wd-align-items-center wd-width-100\" ><input type=\"text\"                           class=\"wd-width-100\"                           id=\"wdform_3_element8\"                           name=\"wdform_3_element8\"                           value=\"\"                           data-value=\"\"                           title=\"\"                           placeholder=\"\"                                                       \/><\/div><\/div><\/div><\/div><div class=\"wdform_column\"><div wdid=\"2\" class=\"wdform_row\" style=\"position: relative; left: 0px; top: 0px;\"><div type=\"type_phone_new\" class=\"wdform-field wd-width-100 wd-flex wd-flex-column fm-type_phone_new\" ><div class=\"wdform-label-section wd-width-100 \">    <label  for=\"wdform_2_element8\" class=\"wdform-label\">Telefon Numaran\u0131z<\/label><span class=\"wdform-required\">*<\/span><\/div><div class=\"wdform-element-section wd-flex  wd-width-100\" ><input type=\"text\"                       class=\"wd-width-100\"                       id=\"wdform_2_element8\"                       name=\"wdform_2_element8\"                       value=\"\"                       data-value=\"\"                       placeholder=\"\"  \/><\/div><\/div><\/div><\/div><div class=\"wdform_column\"><div wdid=\"4\" class=\"wdform_row\" style=\"position: relative; left: 0px; top: 0px;\"><div type=\"type_submitter_mail\" class=\"wdform-field wd-width-100 wd-flex wd-flex-column fm-type_submitter_mail\" ><div class=\"wdform-label-section wd-width-100  wd-flex-row\">    <label  for=\"wdform_4_element8\" class=\"wdform-label\">E-mail<\/label><span class=\"wdform-required\">*<\/span><\/div><div class=\"wdform-element-section wd-flex  wd-flex-row wd-width-100\" ><input type=\"text\" class=\"wd-width-100\" id=\"wdform_4_element8\" name=\"wdform_4_element8\" data-value=\"\" value=\"\" title=\"\" placeholder=\"\"   onchange=\"wd_check_email('4', '8', 'Bu ge\u00e7erli bir e-posta adresi de\u011fil.')\" \/><\/div><\/div><\/div><\/div><div class=\"wdform_column\"><div wdid=\"1\" class=\"wdform_row\" style=\"position: relative; left: 0px; top: 0px;\"><div type=\"type_submit_reset\" class=\"wdform-field wd-width-100 wd-flex wd-flex-column fm-type_submit_reset\" ><div class=\"wdform-element-section wd-flex  wd-flex-row wd-justify-content-left wd-width-100\" ><button  type=\"button\" class=\"button-submit\" onclick=\"fm_submit_form('8');\"  data-ajax=\"0\"><span class=\"fm-submit-loading spinner fm-ico-spinner\"><\/span>F\u0130YAT AL<\/button><button  type=\"button\" class=\"button-reset wd-hidden\" onclick=\"fm_reset_form(8);\" >Reset<\/button><\/div><\/div><\/div><\/div><\/div><div valign=\"top\" class=\"wdform_footer wd-width-100\"><div class=\"wd-width-100\"><div class=\"wd-width-100 wd-table\" style=\"padding-top:10px;\"><div class=\"wd-table-group\"><div id=\"8page_nav1\" class=\"wd-table-row\"><\/div><\/div><\/div><\/div><\/div><\/div><\/div><div class=\"wdform_preload\"><\/div><input type=\"hidden\" name=\"fm-current-page\" value=\"https:\/\/www.allplastix.com\/tr\/wp-json\/wp\/v2\/product\/1939\" \/><\/form><\/div>\n","protected":false},"featured_media":1940,"template":"","meta":{"_joinchat":[]},"product_cat":[171],"product_tag":[],"class_list":["post-1939","product","type-product","status-publish","has-post-thumbnail","hentry","product_cat-termoform-makinasi-ikinci-el-makine"],"aioseo_notices":[],"_links":{"self":[{"href":"https:\/\/www.allplastix.com\/tr\/wp-json\/wp\/v2\/product\/1939","targetHints":{"allow":["GET"]}}],"collection":[{"href":"https:\/\/www.allplastix.com\/tr\/wp-json\/wp\/v2\/product"}],"about":[{"href":"https:\/\/www.allplastix.com\/tr\/wp-json\/wp\/v2\/types\/product"}],"wp:featuredmedia":[{"embeddable":true,"href":"https:\/\/www.allplastix.com\/tr\/wp-json\/wp\/v2\/media\/1940"}],"wp:attachment":[{"href":"https:\/\/www.allplastix.com\/tr\/wp-json\/wp\/v2\/media?parent=1939"}],"wp:term":[{"taxonomy":"product_cat","embeddable":true,"href":"https:\/\/www.allplastix.com\/tr\/wp-json\/wp\/v2\/product_cat?post=1939"},{"taxonomy":"product_tag","embeddable":true,"href":"https:\/\/www.allplastix.com\/tr\/wp-json\/wp\/v2\/product_tag?post=1939"}],"curies":[{"name":"wp","href":"https:\/\/api.w.org\/{rel}","templated":true}]}}